{"id":671,"date":"2024-10-16T11:02:28","date_gmt":"2024-10-16T14:02:28","guid":{"rendered":"https:\/\/encontrobrasileiroebp2024.com.br\/?page_id=671"},"modified":"2024-10-16T11:07:16","modified_gmt":"2024-10-16T14:07:16","slug":"programacao-cultural","status":"publish","type":"page","link":"https:\/\/encontrobrasileiroebp2024.com.br\/index.php\/acolhimento\/programacao-cultural\/","title":{"rendered":"PROGRAMA\u00c7\u00c3O CULTURAL"},"content":{"rendered":"<section class=\"wpb-content-wrapper\">[vc_row][vc_column][vc_column_text]\n<h3><span style=\"color: #000080;\"><strong>PROGRAMA\u00c7\u00c3O CULTURAL S\u00c3O PAULO<\/strong><\/span><\/h3>\n<p><span style=\"color: #ff0000;\"><strong>\u00a0<\/strong><strong>Edif\u00edcio Martineli<\/strong><\/span><\/p>\n<p>Edif\u00edcio Martinelli comemora 100 anos com visita\u00e7\u00e3o gratuita, arte, design, arquitetura e eventos culturais. As visitas\u00a0com grupos guiados\u00a0trazem detalhes sobre a constru\u00e7\u00e3o e hist\u00f3ria do edif\u00edcio e sobre a cidade de S\u00e3o Paulo em\u00a0um terra\u00e7o 360 graus.<\/p>\n<ul>\n<li>Ingressos dispon\u00edveis toda segunda-feira \u00e0s 12h.<\/li>\n<li><strong>Local<\/strong>: Av. S\u00e3o Jo\u00e3o, 35 \u2013 Centro Hist\u00f3rico de S\u00e3o Paulo<\/li>\n<li><a href=\"https:\/\/edificiomartinelli.com.br\/visitacao-guiada\/\">Visita\u00e7\u00e3o Guiada \u2013 Edif\u00edcio Martinelli (edificiomartinelli.com.br)<\/a><\/li>\n<\/ul>\n<hr \/>\n<p><span style=\"color: #ff0000;\"><strong>Museu de Arte Contempor\u00e2nea da Universidade de S\u00e3o Paulo \u2013 MAC USP<\/strong><\/span><\/p>\n<p>Projetado por Oscar Niemeyer, o antigo pr\u00e9dio do Detran agora abriga o\u00a0Museu de Arte Contempor\u00e2nea\u00a0da USP e fica localizado dentro do Parque Ibirapuera, um dos maiores da capital paulistana.<\/p>\n<ul>\n<li><strong>Hor\u00e1rio de funcionamento: <\/strong>Ter\u00e7a a domingo das 11h \u00e0s 21h\u00a0 |\u00a0 Segunda-feira: fechado<\/li>\n<li><strong>Entrada:\u00a0<\/strong>Gratuita<\/li>\n<li><strong>Local<\/strong>: Av. Pedro \u00c1lvares Cabral, 1301 &#8211; Ibirapuera<\/li>\n<li><a href=\"http:\/\/www.mac.usp.br\/mac\/\">MAC USP | Museu de Arte Contempor\u00e2nea da Universidade de S\u00e3o Paulo<\/a><\/li>\n<\/ul>\n<hr \/>\n<p><strong><span style=\"color: #ff0000;\">Museu de Arte de S\u00e3o Paullo \u2013 MASP<\/span> <\/strong><\/p>\n<p><strong>Exposi\u00e7\u00f5es sugeridas<\/strong>:<\/p>\n<ul>\n<li style=\"list-style-type: none;\">\n<ul>\n<li><em>Leonilson: agora e as oportunidades<br \/>\n<\/em>De 23\/8\/2024 a 17\/11\/2024<\/li>\n<li><em>Lia D Castro: Em todo e nenhum lugar<br \/>\n<\/em>De 5\/7\/2024 a 17\/11\/2024<\/li>\n<\/ul>\n<\/li>\n<li><strong>Hor\u00e1rio de funcionamento: <\/strong><\/li>\n<li>Ter\u00e7a gr\u00e1tis* &#8211; todas as ter\u00e7as gratuidade Nubank (Entrada at\u00e9 19h)\u00a0 |\u00a0 Quinta gr\u00e1tis<strong>*<\/strong> &#8211; 1\u00aa quinta-feira do m\u00eas gratuidade B3* 10H-18H (Entrada at\u00e9 17h)\u00a0 |\u00a0 Quarta &#8211; Domingo 10H-18H (Entrada at\u00e9 17h) |\u00a0 Segunda-feira: fechado<br \/>\n* Entrada gratuita mediante reserva online de ingressos.<\/li>\n<li><strong>Local:<\/strong> Av. Paulista, 1578<\/li>\n<li><a href=\"https:\/\/masp.org.br\/\">MASP<\/a><\/li>\n<\/ul>\n<hr \/>\n<p><span style=\"color: #ff0000;\"><strong>INSTITUTO MOREIRA SALES<\/strong><\/span><\/p>\n<ul>\n<li><strong>Exposi\u00e7\u00f5es em destaque<\/strong>: <em>Stefania Bril: desobedi\u00eancia pelo afeto<\/em><\/li>\n<li>De 27\/8\/2024 a 26\/1\/2025<\/li>\n<li><strong>Hor\u00e1rio de funcionamento: <\/strong>Ter\u00e7a a domingo e feriados das 10h \u00e0s 20h\u00a0 |\u00a0 Segunda: fechado\u00a0 |\u00a0 \u00daltima admiss\u00e3o: 30 minutos antes do encerramento.<\/li>\n<li><strong>Entrada: <\/strong>Gratuita<\/li>\n<li><strong>Local: <\/strong>Av. Paulista, 2424, S\u00e3o Paulo\/SP \u2013 Brasil<\/li>\n<li><a href=\"https:\/\/ims.com.br\/exposicao\/stefania-bril-ims-paulista\/\">Stefania Bril: desobedi\u00eancia pelo afeto (IMS Paulista) &#8211; Instituto Moreira Salles<\/a><\/li>\n<\/ul>\n<hr \/>\n<p><span style=\"color: #ff0000;\"><strong>Japan House<\/strong><\/span><\/p>\n<p>Inaugurado em maio de 2017, o espa\u00e7o idealizado pela comunidade japonesa tem como objetivo apresentar o Jap\u00e3o contempor\u00e2neo ao brasileiro atrav\u00e9s de sua arte, tecnologia, e gastronomia, mas sem esquecer a hist\u00f3ria e ra\u00edzes do pa\u00eds.<\/p>\n<p>Os tr\u00eas andares do pr\u00e9dio contam com galerias para exposi\u00e7\u00f5es, cafeteria, restaurante, jardim, e uma biblioteca com cerca de 2 mil obras.<\/p>\n<ul>\n<li><strong>Hor\u00e1rio de funcionamento:<\/strong><strong> \u00a0<\/strong>Ter\u00e7a a sexta das 10h \u00e0s 18h\u00a0 |\u00a0 S\u00e1bados, domingos e feriados das 10h \u00e0s 19h\u00a0 |\u00a0 Segunda-feira: fechado<\/li>\n<li><strong>Entrada<\/strong>:\u00a0Gratuita<\/li>\n<li><strong>Local:<\/strong> Av. Paulista, 52 \u2013 Bela Vista<\/li>\n<li><a href=\"https:\/\/www.japanhousesp.com.br\/\">Japan House S\u00e3o Paulo | Descubra um Jap\u00e3o fascinante com a JHSP! | Home PT (japanhousesp.com.br)<\/a><\/li>\n<\/ul>\n<hr \/>\n<p><span style=\"color: #ff0000;\"><strong>Instituto Tomie Ohtake<\/strong><\/span><\/p>\n<ul>\n<li><strong>Exposi\u00e7\u00f5es em destaque<\/strong>\n<ul>\n<li><em>Carlito Carvalhosa &#8211; A metade do dobro<br \/>\n<\/em>De 25\/10\/2024 a 02\/02\/2025<\/li>\n<li><em>Miral Schendel &#8211; esperar que a letra se forme<br \/>\n<\/em>De 25\/10\/2024 a 02\/02\/2025<\/li>\n<\/ul>\n<\/li>\n<li><strong>Entrada gratuita<\/strong><\/li>\n<li>Acesso \u00e0 visita\u00e7\u00e3o at\u00e9 \u00e0s 18h<\/li>\n<li><strong>Hor\u00e1rio de funcionamento: <\/strong>Ter\u00e7a a domingo das 11h \u00e0s 19h\u00a0 |\u00a0 Segunda-feira: fechado<\/li>\n<li><strong>Local:<\/strong> R. Corop\u00e9s, 88 \u2013 Pinheiros<\/li>\n<li><a href=\"https:\/\/www.institutotomieohtake.org.br\/programacao\/exposicoes\">Programa\u00e7\u00e3o &#8211; Instituto Tomie Ohtake<\/a><\/li>\n<\/ul>\n<hr \/>\n<p><span style=\"color: #ff0000;\"><strong>CASA BRADESCO<\/strong><\/span><\/p>\n<ul>\n<li><strong>Exposi\u00e7\u00e3o em destaque: <\/strong><em>Anish Kapoor \u2013 Inflama\u00e7\u00e3o<\/em><\/li>\n<li>De 15\/09\/2024 a 15\/01\/2025<\/li>\n<li><strong>Hor\u00e1rio de funcionamento: <\/strong>Ter\u00e7a a sexta das 12h \u00e0s 21h 9entrada at\u00e9 \u00e0s 20h)\u00a0 |\u00a0 S\u00e1bado, domingo e feriado das 10h \u00e0s 22h (entrada at\u00e9 \u00e0s 21h).<\/li>\n<li><strong>Entrada:<\/strong> R$ 80<\/li>\n<li><strong>Local: <\/strong>Alameda Rio Claro, 190 \u2013 Bela Vista<\/li>\n<li><a href=\"https:\/\/cultura.cidadematarazzo.com.br\/2\/\">https:\/\/cultura.cidadematarazzo.com.br\/2\/<\/a><\/li>\n<\/ul>\n<hr \/>\n<p><span style=\"color: #ff0000;\"><strong>SESC VILA MARIANA<\/strong><\/span><\/p>\n<ul>\n<li><strong>Exposi\u00e7\u00e3o: <\/strong><em>L\u00e9lia em n\u00f3s: festas populares e amefricanidade<\/em><\/li>\n<li>De 27\/06\/2024 a 24\/11\/2024<\/li>\n<li><strong>Hor\u00e1rio de funcionamento:<\/strong><\/li>\n<li>Ter\u00e7a a Sexta das 10h \u00e0s 21h\u00a0 |\u00a0 S\u00e1bado das 10h \u00e0s 21h\u00a0 |\u00a0 Domingo das 10h \u00e0s 18h<\/li>\n<li><strong>Entrada:<\/strong> gratuita<\/li>\n<li><strong>Local:<\/strong> R. Pelotas, 141 &#8211; Vila Mariana<\/li>\n<li><a href=\"https:\/\/www.sescsp.org.br\/programacao\/lelia-em-nos-festas-populares-e-amefricanidade\/\">https:\/\/www.sescsp.org.br\/programacao\/lelia-em-nos-festas-populares-e-amefricanidade\/<\/a><\/li>\n<\/ul>\n<hr \/>\n<p><span style=\"color: #ff0000;\"><strong>SESC PINHEIROS<\/strong><\/span><\/p>\n<ul>\n<li><strong>Exposi\u00e7\u00e3o: <\/strong><em style=\"color: var(--wpex-text-2); font-family: var(--wpex-body-font-family, var(--wpex-font-sans));\">Um Defeito de Cor<\/em><span style=\"color: var(--wpex-text-2); font-family: var(--wpex-body-font-family, var(--wpex-font-sans));\"> &#8211; Curadoria de Amanda Bonan, Ana Maria Gon\u00e7alves e Marcelo Campos<\/span><\/li>\n<li>De 25\/04\/2024 a 01\/12\/2025<\/li>\n<li><strong>Hor\u00e1rio de funcionamento:<\/strong><\/li>\n<li>Ter\u00e7a a s\u00e1bado das 10h30 \u00e0s 21h\u00a0 |\u00a0 Domingos e feriados das 10h30 \u00e0s 18h<\/li>\n<li><strong>Local: <\/strong>R. Paes Leme, 195 \u2013 Pinheiros<\/li>\n<li><a href=\"https:\/\/www.sescsp.org.br\/programacao\/um-defeito-de-cor\/\">Um Defeito de Cor &#8211; Sesc S\u00e3o\u00a0 HYPERLINK &#8220;https:\/\/www.sescsp.org.br\/programacao\/um-defeito-de-cor\/&#8221;Paulo : HYPERLINK &#8220;https:\/\/www.sescsp.org.br\/programacao\/um-defeito-de-cor\/&#8221; Sesc S\u00e3o Paulo (sescsp.org.br)<\/a><\/li>\n<\/ul>\n<hr \/>\n<p><span style=\"color: #ff0000;\"><strong>SESC POMPEIA<\/strong><\/span><\/p>\n<ul>\n<li><strong>Exposi\u00e7\u00e3o: <\/strong><em style=\"color: var(--wpex-text-2); font-family: var(--wpex-body-font-family, var(--wpex-font-sans));\">A Natureza das Coisas<\/em><span style=\"color: var(--wpex-text-2); font-family: var(--wpex-body-font-family, var(--wpex-font-sans));\">, de Carlito Carvalhosa<\/span><\/li>\n<li>De 8\/10\/2024 a 9\/2\/2025<\/li>\n<li><strong>Hor\u00e1rio de funcionamento: <\/strong>Ter\u00e7a a s\u00e1bado das 10h \u00e0s 22h\u00a0 |\u00a0 Domingos e feriados das 10h \u00e0s 19h<\/li>\n<li><strong>Local:<\/strong> Rua Cl\u00e9lia, 93 &#8211; Pompeia<\/li>\n<li><a href=\"https:\/\/www.sescsp.org.br\/programacao\/a-natureza-das-coisas-carlito-carvalhosa\/\">https:\/\/www.sescsp.org.br\/programacao\/a-natureza-das-coisas-carlito-carvalhosa\/<\/a><\/li>\n<\/ul>\n<hr \/>\n<h3><span style=\"color: #000080;\"><strong>TEATRO<\/strong><\/span><\/h3>\n<p><strong><span style=\"color: #ff0000;\">Espa\u00e7o dos Satyros<\/span> <\/strong><\/p>\n<ul>\n<li><strong>Pe\u00e7a: <\/strong>A Casa de Bernarda Alba &#8211; Texto de Frederico Garcia Lorca com dire\u00e7\u00e3o de Rodolfo Garc\u00eda V\u00e1zquez<\/li>\n<li>De 31\/08\/2024 a 10\/11\/2024<\/li>\n<li><strong>Hor\u00e1rio: <\/strong>Quintas, sextas e s\u00e1bados \u00e0s 20h30\u00a0 |\u00a0 Domingos \u00e0s 18h\u00a0 |\u00a0 Proibida a entrada ap\u00f3s o in\u00edcio do espet\u00e1culo<\/li>\n<li><strong>Dura\u00e7\u00e3o:<\/strong> 100 min.<\/li>\n<li><strong>Classifica\u00e7\u00e3o Et\u00e1ria:<\/strong> 16 anos<\/li>\n<li><strong>G\u00eanero:<\/strong> Drama<\/li>\n<li><strong>Ingressos<\/strong>: R$ 60,00 (Inteira) e R$ 30,00 (Meia-entrada)<\/li>\n<li><strong>Local:<\/strong> Espa\u00e7o dos Satyros (Pra\u00e7a Roosevelt, 214, Consola\u00e7\u00e3o)<\/li>\n<li><a href=\"https:\/\/satyros.com.br\/em-cartaz\/\">https:\/\/satyros.com.br\/em-cartaz\/<\/a><\/li>\n<\/ul>\n<hr \/>\n<p><span style=\"color: #ff0000;\"><strong>Teatro do SESI S\u00e3o Paulo<\/strong><\/span><\/p>\n<ul>\n<li><strong>Pe\u00e7a: <\/strong>AO VIVO Dentro da cabe\u00e7a de algu\u00e9m &#8211; Companhia Brasileira de Teatro, Texto e Dire\u00e7\u00e3o geral: Marcio Abreu<\/li>\n<li><strong>Projeto:<\/strong> Montagem C\u00eanica In\u00e9dita SESI-SP<\/li>\n<li>De 22\/08\/2024 a 01\/12\/2024<\/li>\n<li><strong>Hor\u00e1rio: <\/strong>Quinta a s\u00e1bado \u00e0s 20h\u00a0 |\u00a0 Domingo \u00e0s 19h<\/li>\n<li><strong>Dura\u00e7\u00e3o:<\/strong> 90 min<\/li>\n<li><strong>Categoria:<\/strong> Adulto<\/li>\n<li><strong>G\u00eanero:<\/strong> Drama<\/li>\n<li><strong>Entrada<\/strong>: Gratuita &#8211; Reservar ingresso no site:<\/li>\n<li><strong>Local: <\/strong>Av. Paulista, 1313<\/li>\n<li><a href=\"https:\/\/www.sesisp.org.br\/evento\/4030d0e1-2864-4ceb-9902-42b09ec61e2e\/ao-vivo-dentro-da-cabeca-de-alguem\">https:\/\/www.sesisp.org.br\/evento\/4030d0e1-2864-4ceb-9902-42b09ec61e2e\/ao-vivo-dentro-da-cabeca-de-alguem<\/a><\/li>\n<\/ul>\n[\/vc_column_text][\/vc_column][\/vc_row]\n<\/section>","protected":false},"excerpt":{"rendered":"<p>[vc_row][vc_column][vc_column_text] PROGRAMA\u00c7\u00c3O CULTURAL S\u00c3O PAULO \u00a0Edif\u00edcio Martineli Edif\u00edcio Martinelli comemora 100 anos com visita\u00e7\u00e3o gratuita, arte, design, arquitetura e eventos culturais. As visitas\u00a0com grupos guiados\u00a0trazem detalhes sobre a constru\u00e7\u00e3o e hist\u00f3ria do edif\u00edcio e sobre a cidade de S\u00e3o Paulo em\u00a0um terra\u00e7o 360 graus. Ingressos dispon\u00edveis toda segunda-feira \u00e0s 12h. Local: Av. S\u00e3o Jo\u00e3o, 35&hellip;<\/p>\n","protected":false},"author":1,"featured_media":0,"parent":676,"menu_order":0,"comment_status":"closed","ping_status":"closed","template":"","meta":{"om_disable_all_campaigns":false,"_monsterinsights_skip_tracking":false,"_monsterinsights_sitenote_active":false,"_monsterinsights_sitenote_note":"","_monsterinsights_sitenote_category":0,"footnotes":""},"class_list":["post-671","page","type-page","status-publish","hentry","entry","no-media"],"aioseo_notices":[],"_links":{"self":[{"href":"https:\/\/encontrobrasileiroebp2024.com.br\/index.php\/wp-json\/wp\/v2\/pages\/671","targetHints":{"allow":["GET"]}}],"collection":[{"href":"https:\/\/encontrobrasileiroebp2024.com.br\/index.php\/wp-json\/wp\/v2\/pages"}],"about":[{"href":"https:\/\/encontrobrasileiroebp2024.com.br\/index.php\/wp-json\/wp\/v2\/types\/page"}],"author":[{"embeddable":true,"href":"https:\/\/encontrobrasileiroebp2024.com.br\/index.php\/wp-json\/wp\/v2\/users\/1"}],"replies":[{"embeddable":true,"href":"https:\/\/encontrobrasileiroebp2024.com.br\/index.php\/wp-json\/wp\/v2\/comments?post=671"}],"version-history":[{"count":4,"href":"https:\/\/encontrobrasileiroebp2024.com.br\/index.php\/wp-json\/wp\/v2\/pages\/671\/revisions"}],"predecessor-version":[{"id":679,"href":"https:\/\/encontrobrasileiroebp2024.com.br\/index.php\/wp-json\/wp\/v2\/pages\/671\/revisions\/679"}],"up":[{"embeddable":true,"href":"https:\/\/encontrobrasileiroebp2024.com.br\/index.php\/wp-json\/wp\/v2\/pages\/676"}],"wp:attachment":[{"href":"https:\/\/encontrobrasileiroebp2024.com.br\/index.php\/wp-json\/wp\/v2\/media?parent=671"}],"curies":[{"name":"wp","href":"https:\/\/api.w.org\/{rel}","templated":true}]}}