{"id":661,"date":"2024-09-30T18:06:46","date_gmt":"2024-09-30T21:06:46","guid":{"rendered":"https:\/\/encontrobrasileiroebp2024.com.br\/?page_id=661"},"modified":"2024-11-01T18:30:43","modified_gmt":"2024-11-01T21:30:43","slug":"restaurantes","status":"publish","type":"page","link":"https:\/\/encontrobrasileiroebp2024.com.br\/index.php\/acolhimento\/restaurantes\/","title":{"rendered":"RESTAURANTES"},"content":{"rendered":"<section class=\"wpb-content-wrapper\">[vc_row][vc_column][vc_column_text]O WTC fica no mesmo local que o shopping D&amp;D, onde h\u00e1 op\u00e7\u00f5es de restaurantes de f\u00e1cil acesso para a hora do almo\u00e7o.<\/p>\n<p>Al\u00e9m disso, h\u00e1 tr\u00eas restaurantes no pr\u00f3prio WTC, todos abertos de segunda a segunda, dois deles no hor\u00e1rio de almo\u00e7o e um a partir de 15h.<\/p>\n<p>Abaixo, uma lista de outros restaurante nos arredores.<\/p>\n<h3><span style=\"color: #000080;\">Lista de restaurantes pr\u00f3ximos ao WTC:<\/span><\/h3>\n<p><strong>Shopping Na\u00e7\u00f5es Unidas:<\/strong><\/p>\n<p><strong>Caluma Restaurante Self service<\/strong><\/p>\n<p>(160m &#8211; 2 minutos \u00e0 p\u00e9)<\/p>\n<p>Bar e restaurante badalado com buffet de almo\u00e7o, happy hour com petiscos e m\u00fasica ao vivo.<\/p>\n<ul>\n<li>Av. das Na\u00e7\u00f5es Unidas, 12901 &#8211; 123 &amp; 124 &#8211; Cidade Mon\u00e7\u00f5es, S\u00e3o Paulo &#8211; SP, 04578-910<\/li>\n<\/ul>\n<hr \/>\n<p><strong>Canvas Bar e Restaurante<\/strong><\/p>\n<p>(98m &#8211; 1 minuto \u00e0 p\u00e9)<\/p>\n<ul>\n<li>Av. das Na\u00e7\u00f5es Unidas, 12901 &#8211; Brooklin, S\u00e3o Paulo &#8211; SP, 04578-910<\/li>\n<\/ul>\n<hr \/>\n<h3><span style=\"color: #000080;\">Restaurantes nos arredores dos shoppings:<\/span><\/h3>\n<p><strong>Mercatto Restaurante\u00a0<\/strong><\/p>\n<p>(160m &#8211; 2 minutos a p\u00e9 &#8211; s\u00e1bado e domingo fechado)<\/p>\n<p>Bar e restaurante badalado com buffet de almo\u00e7o, happy hour com petiscos e m\u00fasica ao vivo.<\/p>\n<ul>\n<li>Av. das Na\u00e7\u00f5es Unidas, 12901 &#8211; Brooklin, S\u00e3o Paulo &#8211; SP, 04578-910<\/li>\n<\/ul>\n<hr \/>\n<p><strong>Cactos Bar e Restaurante<\/strong><\/p>\n<p>(280m &#8211; 4 minutos a p\u00e9 &#8211; domingo fechado)<\/p>\n<ul>\n<li>Arizona, 1493 &#8211; Cidade Mon\u00e7\u00f5es, S\u00e3o Paulo &#8211; SP, 04567-003<\/li>\n<\/ul>\n<hr \/>\n<p><strong>Quinta do Olivardo &#8211; Tasca Brooklin<\/strong><\/p>\n<p>(290m &#8211; 4 minutos)<\/p>\n<ul>\n<li>Arizona, 1485 &#8211; Cidade Mon\u00e7\u00f5es, S\u00e3o Paulo &#8211; SP, 04567-003<\/li>\n<\/ul>\n<hr \/>\n<p><strong>Arauna Bar e Restaurante<\/strong><\/p>\n<p>(400m &#8211; 6 minutos a p\u00e9)<\/p>\n<ul>\n<li>Av. Engenheiro Lu\u00eds Carlos Berrini, 1654 &#8211; Cidade Mon\u00e7\u00f5es, S\u00e3o Paulo &#8211; SP, 04571-010<\/li>\n<\/ul>\n<hr \/>\n<p><strong>La Pasta &amp; Formaggio Ristorante<\/strong><\/p>\n<p>(450m &#8211; 7 minutos)<\/p>\n<ul>\n<li>Arizona, 1343 &#8211; Brooklin Novo, S\u00e3o Paulo &#8211; SP, 04567-003<\/li>\n<\/ul>\n<hr \/>\n<p><strong>Churrascaria e Pizzaria Farrapos<\/strong><\/p>\n<p>(690m &#8211; 9 minutos)<\/p>\n<ul>\n<li>Sans\u00e3o Alves dos Santos, 336 &#8211; Brooklin Novo, S\u00e3o Paulo &#8211; SP, 04571-090<\/li>\n<\/ul>\n[\/vc_column_text][\/vc_column][\/vc_row]\n<\/section>","protected":false},"excerpt":{"rendered":"<p>[vc_row][vc_column][vc_column_text]O WTC fica no mesmo local que o shopping D&amp;D, onde h\u00e1 op\u00e7\u00f5es de restaurantes de f\u00e1cil acesso para a hora do almo\u00e7o. Al\u00e9m disso, h\u00e1 tr\u00eas restaurantes no pr\u00f3prio WTC, todos abertos de segunda a segunda, dois deles no hor\u00e1rio de almo\u00e7o e um a partir de 15h. Abaixo, uma lista de outros restaurante&hellip;<\/p>\n","protected":false},"author":1,"featured_media":0,"parent":676,"menu_order":0,"comment_status":"closed","ping_status":"closed","template":"","meta":{"om_disable_all_campaigns":false,"_monsterinsights_skip_tracking":false,"_monsterinsights_sitenote_active":false,"_monsterinsights_sitenote_note":"","_monsterinsights_sitenote_category":0,"footnotes":""},"class_list":["post-661","page","type-page","status-publish","hentry","entry","no-media"],"aioseo_notices":[],"_links":{"self":[{"href":"https:\/\/encontrobrasileiroebp2024.com.br\/index.php\/wp-json\/wp\/v2\/pages\/661","targetHints":{"allow":["GET"]}}],"collection":[{"href":"https:\/\/encontrobrasileiroebp2024.com.br\/index.php\/wp-json\/wp\/v2\/pages"}],"about":[{"href":"https:\/\/encontrobrasileiroebp2024.com.br\/index.php\/wp-json\/wp\/v2\/types\/page"}],"author":[{"embeddable":true,"href":"https:\/\/encontrobrasileiroebp2024.com.br\/index.php\/wp-json\/wp\/v2\/users\/1"}],"replies":[{"embeddable":true,"href":"https:\/\/encontrobrasileiroebp2024.com.br\/index.php\/wp-json\/wp\/v2\/comments?post=661"}],"version-history":[{"count":2,"href":"https:\/\/encontrobrasileiroebp2024.com.br\/index.php\/wp-json\/wp\/v2\/pages\/661\/revisions"}],"predecessor-version":[{"id":757,"href":"https:\/\/encontrobrasileiroebp2024.com.br\/index.php\/wp-json\/wp\/v2\/pages\/661\/revisions\/757"}],"up":[{"embeddable":true,"href":"https:\/\/encontrobrasileiroebp2024.com.br\/index.php\/wp-json\/wp\/v2\/pages\/676"}],"wp:attachment":[{"href":"https:\/\/encontrobrasileiroebp2024.com.br\/index.php\/wp-json\/wp\/v2\/media?parent=661"}],"curies":[{"name":"wp","href":"https:\/\/api.w.org\/{rel}","templated":true}]}}