{"id":587,"date":"2024-08-29T14:21:30","date_gmt":"2024-08-29T17:21:30","guid":{"rendered":"https:\/\/encontrobrasileiroebp2024.com.br\/?page_id=587"},"modified":"2024-08-29T14:21:30","modified_gmt":"2024-08-29T17:21:30","slug":"envio-de-trabalhos","status":"publish","type":"page","link":"https:\/\/encontrobrasileiroebp2024.com.br\/index.php\/eventos-das-redes\/6o-encontro-tya-basil\/envio-de-trabalhos\/","title":{"rendered":"Envio de trabalhos"},"content":{"rendered":"<section class=\"wpb-content-wrapper\">[vc_row][vc_column][vc_column_text]\n<h3><span style=\"color: #000080;\">Crit\u00e9rios para envio de trabalhos Tya<\/span><\/h3>\n<h3><span style=\"color: #000080;\">VI Encontro TyA Brasil<\/span><\/h3>\n<p>Crit\u00e9rios para envio de trabalhos:<\/p>\n<p>trabalhos coletivos que contenham situa\u00e7\u00f5es ou vinhetas cl\u00ednicas, em formato Word, at\u00e9 no m\u00e1ximo, 6000 caracteres com espa\u00e7o (sem as refer\u00eancias), espa\u00e7amento 1,5, fonte Times New Roman.<\/p>\n<p>prazo de envio: 07 de outubro para o email <a href=\"viencontrotyabrasil@gmail.com\">viencontrotyabrasil@gmail.com<\/a><\/p>\n<p>os autores dever\u00e3o estar inscritos previamente no VI Encontro[\/vc_column_text][\/vc_column][\/vc_row]\n<\/section>","protected":false},"excerpt":{"rendered":"<p>[vc_row][vc_column][vc_column_text] Crit\u00e9rios para envio de trabalhos Tya VI Encontro TyA Brasil Crit\u00e9rios para envio de trabalhos: trabalhos coletivos que contenham situa\u00e7\u00f5es ou vinhetas cl\u00ednicas, em formato Word, at\u00e9 no m\u00e1ximo, 6000 caracteres com espa\u00e7o (sem as refer\u00eancias), espa\u00e7amento 1,5, fonte Times New Roman. prazo de envio: 07 de outubro para o email viencontrotyabrasil@gmail.com os autores&hellip;<\/p>\n","protected":false},"author":1,"featured_media":0,"parent":38,"menu_order":0,"comment_status":"closed","ping_status":"closed","template":"","meta":{"om_disable_all_campaigns":false,"_monsterinsights_skip_tracking":false,"_monsterinsights_sitenote_active":false,"_monsterinsights_sitenote_note":"","_monsterinsights_sitenote_category":0,"footnotes":""},"class_list":["post-587","page","type-page","status-publish","hentry","entry","no-media"],"aioseo_notices":[],"_links":{"self":[{"href":"https:\/\/encontrobrasileiroebp2024.com.br\/index.php\/wp-json\/wp\/v2\/pages\/587","targetHints":{"allow":["GET"]}}],"collection":[{"href":"https:\/\/encontrobrasileiroebp2024.com.br\/index.php\/wp-json\/wp\/v2\/pages"}],"about":[{"href":"https:\/\/encontrobrasileiroebp2024.com.br\/index.php\/wp-json\/wp\/v2\/types\/page"}],"author":[{"embeddable":true,"href":"https:\/\/encontrobrasileiroebp2024.com.br\/index.php\/wp-json\/wp\/v2\/users\/1"}],"replies":[{"embeddable":true,"href":"https:\/\/encontrobrasileiroebp2024.com.br\/index.php\/wp-json\/wp\/v2\/comments?post=587"}],"version-history":[{"count":1,"href":"https:\/\/encontrobrasileiroebp2024.com.br\/index.php\/wp-json\/wp\/v2\/pages\/587\/revisions"}],"predecessor-version":[{"id":588,"href":"https:\/\/encontrobrasileiroebp2024.com.br\/index.php\/wp-json\/wp\/v2\/pages\/587\/revisions\/588"}],"up":[{"embeddable":true,"href":"https:\/\/encontrobrasileiroebp2024.com.br\/index.php\/wp-json\/wp\/v2\/pages\/38"}],"wp:attachment":[{"href":"https:\/\/encontrobrasileiroebp2024.com.br\/index.php\/wp-json\/wp\/v2\/media?parent=587"}],"curies":[{"name":"wp","href":"https:\/\/api.w.org\/{rel}","templated":true}]}}