{"id":491,"date":"2024-07-22T14:07:28","date_gmt":"2024-07-22T17:07:28","guid":{"rendered":"https:\/\/encontrobrasileiroebp2024.com.br\/?page_id=491"},"modified":"2024-07-22T14:07:55","modified_gmt":"2024-07-22T17:07:55","slug":"1a-atividade-preparatoria","status":"publish","type":"page","link":"https:\/\/encontrobrasileiroebp2024.com.br\/index.php\/o-encontro\/atividades-preparatorias\/1a-atividade-preparatoria\/","title":{"rendered":"1\u00aa Atividade Preparat\u00f3ria"},"content":{"rendered":"<section class=\"wpb-content-wrapper\">[vc_row][vc_column width=&#8221;1\/2&#8243;][vc_column_text]\n<h2><span style=\"color: #000080;\">1\u00aa Preparat\u00f3ria para o XXV EBCF<\/span><\/h2>\n<p><strong><span style=\"color: #ff0000;\">S\u00e1bado, 18 de maio, \u00e0s 10h<\/span><\/strong><\/p>\n<p><strong>Eixo 1: Capturas imagin\u00e1rias e o real do corpo<\/strong><br \/>\nLuiz Fernando Carrijo da Cunha<\/p>\n<p><strong>Eixo 2: Incid\u00eancias do Discurso da Ci\u00eancia sobre os corpos <\/strong><br \/>\nMarcelo Veras<\/p>\n<ul>\n<li>Coment\u00e1rios: R\u00f4mulo Ferreira da Silva<\/li>\n<li>Coordena\u00e7\u00e3o: Luiz Felipe Monteiro<\/li>\n<\/ul>\n<p><strong>Atividade h\u00edbrida<\/strong><br \/>\nSolar do Unh\u00e3o &#8211; Av. Lafayete Coutinho &#8211; Com\u00e9rcio &#8211; Salvador &#8211; BA[\/vc_column_text][vc_column_text]Confira a programa\u00e7\u00e3o e os locais de retransmiss\u00e3o da <strong>1a Preparat\u00f3ria do XXV EBCF<\/strong>. O evento se realizar\u00e1 presencial em Salvador e ser\u00e1 retransmitido nas sedes das Se\u00e7\u00f5es. Sintam-se convidados a ocuparem esses espa\u00e7os conosco. De todo modo, tamb\u00e9m est\u00e1 possibilitada a participa\u00e7\u00e3o on-line.<strong> Apenas quem participar\u00e1 presencialmente em Salvador deve escolher a modalidade presencial no momento de preencher o formul\u00e1rio<\/strong>, clicando no bot\u00e3o abaixo:<\/p>\n<p><strong>N\u00e3o \u00e9 necess\u00e1ria a inscri\u00e7\u00e3o para os que forem assistir nos locais de retransmiss\u00e3o.<\/strong>[\/vc_column_text][vc_btn title=&#8221;Inscri\u00e7\u00f5es&#8221; color=&#8221;pink&#8221; link=&#8221;url:https%3A%2F%2Fdocs.google.com%2Fforms%2Fd%2Fe%2F1FAIpQLSf6OxPJUiezcWep1OTFlCEjitfTsj1PPBpD0vyQh-HjZR9eeA%2Fviewform&#8221;][\/vc_column][vc_column width=&#8221;1\/2&#8243;][vc_gmaps link=&#8221;#E-8_JTNDaWZyYW1lJTIwc3JjJTNEJTIyaHR0cHMlM0ElMkYlMkZ3d3cuZ29vZ2xlLmNvbSUyRm1hcHMlMkZlbWJlZCUzRnBiJTNEJTIxMW0xNCUyMTFtOCUyMTFtMyUyMTFkMTU1NTEuMzYzMzA4MTE5MzczJTIxMmQtMzguNTE5ODg0MyUyMTNkLTEyLjk4MjAzMDYlMjEzbTIlMjExaTEwMjQlMjEyaTc2OCUyMTRmMTMuMSUyMTNtMyUyMTFtMiUyMTFzMHg3MTYwNDhjOTNhNTdlODElMjUzQTB4YWVmNTljZTU0MTZhODMyZiUyMTJzU29sYXIlMjUyMGRvJTI1MjBVbmglMjVDMyUyNUEzbyUyNTIwLSUyNTIwTUFNJTIxNWUwJTIxM20yJTIxMXNwdC1CUiUyMTJzYnIlMjE0djE3MTM4MTIwNDA3NzUlMjE1bTIlMjExc3B0LUJSJTIxMnNiciUyMiUyMHdpZHRoJTNEJTIyNjAwJTIyJTIwaGVpZ2h0JTNEJTIyNjAwJTIyJTIwc3R5bGUlM0QlMjJib3JkZXIlM0EwJTNCJTIyJTIwYWxsb3dmdWxsc2NyZWVuJTNEJTIyJTIyJTIwbG9hZGluZyUzRCUyMmxhenklMjIlMjByZWZlcnJlcnBvbGljeSUzRCUyMm5vLXJlZmVycmVyLXdoZW4tZG93bmdyYWRlJTIyJTNFJTNDJTJGaWZyYW1lJTNF&#8221;][\/vc_column][\/vc_row][vc_row][vc_column][vc_separator color=&#8221;juicy_pink&#8221;][vc_empty_space][vc_column_text]\n<h3><span style=\"color: #000080;\">Sedes para retransmiss\u00e3o<\/span><\/h3>\n<p><strong>SE\u00c7\u00c3O LESTE OESTE<\/strong><\/p>\n<ul>\n<li><strong>Campo Grande<\/strong><br \/>\nRua Rui Barbosa 4138, Centro.<\/li>\n<li><strong>Goi\u00e2nia<\/strong><br \/>\nRua 18 n. 110, sala 301 Ed Business Center, Setor Oeste.<\/li>\n<li><strong>Vit\u00f3ria<\/strong><br \/>\nAv. Nossa Senhora da Penha, 699 Ed Century Tower, sala 815, Torre A.<\/li>\n<\/ul>\n<p><strong>SE\u00c7\u00c3O MINAS GERAIS<\/strong><\/p>\n<ul>\n<li><strong>Belo Horizonte <\/strong><br \/>\nAv. Afonso Pena, 2770 -2\u00ba andar &#8211; Savassi.<\/li>\n<\/ul>\n<p><strong>SE\u00c7\u00c3O NORDESTE<\/strong><\/p>\n<ul>\n<li><strong>Recife<\/strong><br \/>\nRua S\u00e9rgio Magalh\u00e3es, 66 &#8211; Gra\u00e7as.<\/li>\n<li><strong>Jo\u00e3o Pessoa<\/strong><br \/>\nAv. Fl\u00e1vio Ribeiro Coutinho &#8211; Shopping Liv Mall, sala 828 &#8211; Manaira<\/li>\n<\/ul>\n<p><strong>SE\u00c7\u00c3O RIO DE JANEIRO<\/strong><\/p>\n<ul>\n<li><strong>Rio de Janeiro <\/strong><br \/>\nRua Capistrano de Abreu, 14, Botafogo.<\/li>\n<\/ul>\n<p><strong>SE\u00c7\u00c3O S\u00c3O PAULO<\/strong><\/p>\n<ul>\n<li><strong>S\u00e3o Paulo<\/strong><br \/>\nRua Teodoro Sampaio, 1020, 13\u00ba andar. Pinheiros.<\/li>\n<\/ul>\n<p><strong>SE\u00c7\u00c3O SUL<\/strong><\/p>\n<ul>\n<li>Curitiba<br \/>\nAv. C\u00e2ndido de Abreu, 776. Sala 808. Centro C\u00edvico.<\/li>\n<li>Florian\u00f3polis<br \/>\nRua Professor Ayrton Roberto de Oliveira, 32 Ed. Laguna Corporate Center. Itacorubi.<\/li>\n<\/ul>\n[\/vc_column_text][\/vc_column][\/vc_row]\n<\/section>","protected":false},"excerpt":{"rendered":"<p>[vc_row][vc_column width=&#8221;1\/2&#8243;][vc_column_text] 1\u00aa Preparat\u00f3ria para o XXV EBCF S\u00e1bado, 18 de maio, \u00e0s 10h Eixo 1: Capturas imagin\u00e1rias e o real do corpo Luiz Fernando Carrijo da Cunha Eixo 2: Incid\u00eancias do Discurso da Ci\u00eancia sobre os corpos Marcelo Veras Coment\u00e1rios: R\u00f4mulo Ferreira da Silva Coordena\u00e7\u00e3o: Luiz Felipe Monteiro Atividade h\u00edbrida Solar do Unh\u00e3o &#8211;&hellip;<\/p>\n","protected":false},"author":1,"featured_media":0,"parent":310,"menu_order":0,"comment_status":"closed","ping_status":"closed","template":"","meta":{"om_disable_all_campaigns":false,"_monsterinsights_skip_tracking":false,"_monsterinsights_sitenote_active":false,"_monsterinsights_sitenote_note":"","_monsterinsights_sitenote_category":0,"footnotes":""},"class_list":["post-491","page","type-page","status-publish","hentry","entry","no-media"],"aioseo_notices":[],"_links":{"self":[{"href":"https:\/\/encontrobrasileiroebp2024.com.br\/index.php\/wp-json\/wp\/v2\/pages\/491","targetHints":{"allow":["GET"]}}],"collection":[{"href":"https:\/\/encontrobrasileiroebp2024.com.br\/index.php\/wp-json\/wp\/v2\/pages"}],"about":[{"href":"https:\/\/encontrobrasileiroebp2024.com.br\/index.php\/wp-json\/wp\/v2\/types\/page"}],"author":[{"embeddable":true,"href":"https:\/\/encontrobrasileiroebp2024.com.br\/index.php\/wp-json\/wp\/v2\/users\/1"}],"replies":[{"embeddable":true,"href":"https:\/\/encontrobrasileiroebp2024.com.br\/index.php\/wp-json\/wp\/v2\/comments?post=491"}],"version-history":[{"count":1,"href":"https:\/\/encontrobrasileiroebp2024.com.br\/index.php\/wp-json\/wp\/v2\/pages\/491\/revisions"}],"predecessor-version":[{"id":492,"href":"https:\/\/encontrobrasileiroebp2024.com.br\/index.php\/wp-json\/wp\/v2\/pages\/491\/revisions\/492"}],"up":[{"embeddable":true,"href":"https:\/\/encontrobrasileiroebp2024.com.br\/index.php\/wp-json\/wp\/v2\/pages\/310"}],"wp:attachment":[{"href":"https:\/\/encontrobrasileiroebp2024.com.br\/index.php\/wp-json\/wp\/v2\/media?parent=491"}],"curies":[{"name":"wp","href":"https:\/\/api.w.org\/{rel}","templated":true}]}}