{"id":489,"date":"2024-07-22T14:06:10","date_gmt":"2024-07-22T17:06:10","guid":{"rendered":"https:\/\/encontrobrasileiroebp2024.com.br\/?page_id=489"},"modified":"2024-07-22T14:06:57","modified_gmt":"2024-07-22T17:06:57","slug":"2a-atividade-preparatoria","status":"publish","type":"page","link":"https:\/\/encontrobrasileiroebp2024.com.br\/index.php\/o-encontro\/atividades-preparatorias\/2a-atividade-preparatoria\/","title":{"rendered":"2\u00aa Atividade Preparat\u00f3ria"},"content":{"rendered":"<section class=\"wpb-content-wrapper\">[vc_row][vc_column width=&#8221;1\/2&#8243;][vc_column_text]\n<h2><span style=\"color: #000080;\">2\u00aa Preparat\u00f3ria para o XXV EBCF<\/span><\/h2>\n<p><strong><span style=\"color: #ff0000;\">S\u00e1bado, 17 de agosto, \u00e0s 10h<\/span><\/strong><\/p>\n<p><strong>EIXO 3: O REAL DA SEXUA\u00c7\u00c3O E O DIZER DA AN\u00c1LISE<\/strong><br \/>\nMirmila Musse<\/p>\n<p><strong>EIXO 4: O CORPO \u201cFORA DO DISCURSO\u201d<\/strong><br \/>\nAna Teresa de Faria Groisman<\/p>\n<ul>\n<li>Coment\u00e1rios: Fl\u00e1via C\u00cara<\/li>\n<li>Coordena\u00e7\u00e3o: C\u00e9lia Winter<\/li>\n<\/ul>\n<p><strong>Atividade h\u00edbrida<\/strong><br \/>\nRua Roberto Sampaio Gonzaga, sn, bairro Trindade<br \/>\nFlorian\u00f3polis. Audit\u00f3rio CSE\/UFSC[\/vc_column_text][vc_btn title=&#8221;Inscri\u00e7\u00f5es&#8221; color=&#8221;pink&#8221; link=&#8221;url:https%3A%2F%2Fforms.gle%2F2B2DkHExU13qXXUk8&#8243;][\/vc_column][vc_column width=&#8221;1\/2&#8243;][vc_gmaps link=&#8221;#E-8_JTNDaWZyYW1lJTIwc3JjJTNEJTIyaHR0cHMlM0ElMkYlMkZ3d3cuZ29vZ2xlLmNvbSUyRm1hcHMlMkZlbWJlZCUzRnBiJTNEJTIxMW0xOCUyMTFtMTIlMjExbTMlMjExZDM1MzUuODA4NjIwNTQzODI2NyUyMTJkLTQ4LjUyMzc1MDIyNDUzNjQ0JTIxM2QtMjcuNTk5NDYyMzc2MjQ0NjElMjEybTMlMjExZjAlMjEyZjAlMjEzZjAlMjEzbTIlMjExaTEwMjQlMjEyaTc2OCUyMTRmMTMuMSUyMTNtMyUyMTFtMiUyMTFzMHg5NTI3MzljMmI5MmQ1ZTJkJTI1M0EweGE1YjU4ZmY1ZGNjZDk3YzMlMjEyc0F1ZGl0JTI1QzMlMjVCM3JpbyUyNTIwZG8lMjUyMENTRSUyNTJGVUZTQyUyMTVlMCUyMTNtMiUyMTFzcHQtQlIlMjEyc2JyJTIxNHYxNzIxNjY3OTQ2OTkxJTIxNW0yJTIxMXNwdC1CUiUyMTJzYnIlMjIlMjB3aWR0aCUzRCUyMjYwMCUyMiUyMGhlaWdodCUzRCUyMjYwMCUyMiUyMHN0eWxlJTNEJTIyYm9yZGVyJTNBMCUzQiUyMiUyMGFsbG93ZnVsbHNjcmVlbiUzRCUyMiUyMiUyMGxvYWRpbmclM0QlMjJsYXp5JTIyJTIwcmVmZXJyZXJwb2xpY3klM0QlMjJuby1yZWZlcnJlci13aGVuLWRvd25ncmFkZSUyMiUzRSUzQyUyRmlmcmFtZSUzRQ==&#8221;][\/vc_column][\/vc_row][vc_row][vc_column][vc_separator color=&#8221;juicy_pink&#8221;][vc_empty_space][vc_column_text]\n<h3><span style=\"color: #000080;\">Sedes para retransmiss\u00e3o<\/span><\/h3>\n<p><strong>SE\u00c7\u00c3O LESTE OESTE<\/strong><\/p>\n<ul>\n<li>Campo Grande<br \/>\nRua Rui Barbosa 4138, Centro.<\/li>\n<li>Goi\u00e2nia<br \/>\nRua 18 n. 110, sala 301 Ed Business Center, Setor Oeste.<\/li>\n<li>Vit\u00f3ria<br \/>\nAv. Nossa Senhora da Penha, 699 Ed Century Tower, salas 814 e 815, Torre A.<\/li>\n<\/ul>\n<p><strong>SE\u00c7\u00c3O MINAS GERAIS<\/strong><\/p>\n<ul>\n<li>Belo Horizonte<br \/>\nAv. Afonso Pena, 2770 -2\u00ba andar &#8211; Savassi.<\/li>\n<\/ul>\n<p><strong>SE\u00c7\u00c3O NORDESTE<\/strong><\/p>\n<ul>\n<li>Recife<br \/>\nRua S\u00e9rgio Magalh\u00e3es, 66 &#8211; Gra\u00e7as.<\/li>\n<li>Jo\u00e3o Pessoa<br \/>\nAv. Fl\u00e1vio Ribeiro Coutinho &#8211; Shopping Liv Mall, sala 828 &#8211; Manaira<\/li>\n<\/ul>\n<p><strong>SE\u00c7\u00c3O RIO DE JANEIRO<\/strong><\/p>\n<ul>\n<li>Rio de Janeiro<br \/>\nRua Capistrano de Abreu, 14, Botafogo.<\/li>\n<\/ul>\n<p><strong>SE\u00c7\u00c3O S\u00c3O PAULO<\/strong><\/p>\n<ul>\n<li>S\u00e3o Paulo<br \/>\nRua Teodoro Sampaio, 1020, 13\u00ba andar. Pinheiros.<\/li>\n<\/ul>\n<p><strong>SE\u00c7\u00c3O BAHIA<\/strong><\/p>\n<ul>\n<li>Ed. Central Pinheiro &#8211; Av. Anita Garibaldi, 1211 &#8211; 2 andar &#8211; Ondina, Salvador<\/li>\n<\/ul>\n[\/vc_column_text][\/vc_column][\/vc_row]\n<\/section>","protected":false},"excerpt":{"rendered":"<p>[vc_row][vc_column width=&#8221;1\/2&#8243;][vc_column_text] 2\u00aa Preparat\u00f3ria para o XXV EBCF S\u00e1bado, 17 de agosto, \u00e0s 10h EIXO 3: O REAL DA SEXUA\u00c7\u00c3O E O DIZER DA AN\u00c1LISE Mirmila Musse EIXO 4: O CORPO \u201cFORA DO DISCURSO\u201d Ana Teresa de Faria Groisman Coment\u00e1rios: Fl\u00e1via C\u00cara Coordena\u00e7\u00e3o: C\u00e9lia Winter Atividade h\u00edbrida Rua Roberto Sampaio Gonzaga, sn, bairro Trindade Florian\u00f3polis.&hellip;<\/p>\n","protected":false},"author":1,"featured_media":0,"parent":310,"menu_order":0,"comment_status":"closed","ping_status":"closed","template":"","meta":{"om_disable_all_campaigns":false,"_monsterinsights_skip_tracking":false,"_monsterinsights_sitenote_active":false,"_monsterinsights_sitenote_note":"","_monsterinsights_sitenote_category":0,"footnotes":""},"class_list":["post-489","page","type-page","status-publish","hentry","entry","no-media"],"aioseo_notices":[],"_links":{"self":[{"href":"https:\/\/encontrobrasileiroebp2024.com.br\/index.php\/wp-json\/wp\/v2\/pages\/489","targetHints":{"allow":["GET"]}}],"collection":[{"href":"https:\/\/encontrobrasileiroebp2024.com.br\/index.php\/wp-json\/wp\/v2\/pages"}],"about":[{"href":"https:\/\/encontrobrasileiroebp2024.com.br\/index.php\/wp-json\/wp\/v2\/types\/page"}],"author":[{"embeddable":true,"href":"https:\/\/encontrobrasileiroebp2024.com.br\/index.php\/wp-json\/wp\/v2\/users\/1"}],"replies":[{"embeddable":true,"href":"https:\/\/encontrobrasileiroebp2024.com.br\/index.php\/wp-json\/wp\/v2\/comments?post=489"}],"version-history":[{"count":1,"href":"https:\/\/encontrobrasileiroebp2024.com.br\/index.php\/wp-json\/wp\/v2\/pages\/489\/revisions"}],"predecessor-version":[{"id":490,"href":"https:\/\/encontrobrasileiroebp2024.com.br\/index.php\/wp-json\/wp\/v2\/pages\/489\/revisions\/490"}],"up":[{"embeddable":true,"href":"https:\/\/encontrobrasileiroebp2024.com.br\/index.php\/wp-json\/wp\/v2\/pages\/310"}],"wp:attachment":[{"href":"https:\/\/encontrobrasileiroebp2024.com.br\/index.php\/wp-json\/wp\/v2\/media?parent=489"}],"curies":[{"name":"wp","href":"https:\/\/api.w.org\/{rel}","templated":true}]}}