{"id":44,"date":"2024-02-23T08:46:51","date_gmt":"2024-02-23T11:46:51","guid":{"rendered":"https:\/\/encontrobrasileiroebp2024.com.br\/?page_id=44"},"modified":"2024-08-07T15:02:15","modified_gmt":"2024-08-07T18:02:15","slug":"livraria","status":"publish","type":"page","link":"https:\/\/encontrobrasileiroebp2024.com.br\/index.php\/livraria\/","title":{"rendered":"LIVRARIA"},"content":{"rendered":"<section class=\"wpb-content-wrapper\">[vc_row][vc_column][vc_column_text]\n<h3><strong><span style=\"color: #ff0000;\">Comiss\u00e3o de Livraria<\/span> <\/strong><\/h3>\n<h6>Coordena\u00e7\u00e3o: Gustavo Ramos e Jovita Lima<\/h6>\n<p>A livraria do XXV EBCF vem sendo preparada para proporcionar aos nossos leitores um encontro com os livros que re\u00fanem as palavras e os temas que circulam em nossa Escola e no Campo Freudiano.<\/p>\n<p>O espa\u00e7o da livraria est\u00e1 sendo pensado de maneira a facilitar o acesso a esses \u201cobjetos transcendentes, mas que podemos am\u00e1-los do amor t\u00e1til\u201d<a href=\"#_edn1\" name=\"_ednref1\">[i]<\/a>\u00a0em forma de livros de autores nacionais e internacionais, bem como as principais revistas publicadas em nosso meio.<\/p>\n<p>At\u00e9 l\u00e1, periodicamente publicaremos neste espa\u00e7o, t\u00edtulos que referidos ao tema de trabalho do XXV EBCF j\u00e1 podem ser adquiridos na livraria online da EBP.<\/p>\n<hr \/>\n<h6><a href=\"#_ednref1\" name=\"_edn1\">[i]<\/a> Veloso, C. \u2013 Livros, Album Livro, 1998 dispon\u00edvel em <a href=\"https:\/\/www.letras.mus.br\/caetano-veloso\">https:\/\/www.letras.mus.br\/caetano-veloso<\/a>, acessado em 11\/03\/2024<\/h6>\n[\/vc_column_text][vc_empty_space][\/vc_column][\/vc_row][vc_row][vc_column][vc_row_inner][vc_column_inner width=&#8221;1\/6&#8243;][vc_single_image image=&#8221;241&#8243; img_size=&#8221;196&#215;300&#8243; alignment=&#8221;center&#8221;][vc_empty_space][vc_btn title=&#8221;Comprar&#8221; color=&#8221;danger&#8221; size=&#8221;sm&#8221; align=&#8221;center&#8221; i_align=&#8221;right&#8221; i_icon_fontawesome=&#8221;fas fa-cart-plus&#8221; add_icon=&#8221;true&#8221; link=&#8221;url:https%3A%2F%2Fwww.ebp.org.br%2Flivraria%2Fproduto%2Frespuestas-de-lo-real%2F%3Fv%3D19d3326f3137|target:_blank&#8221;][\/vc_column_inner][vc_column_inner width=&#8221;1\/6&#8243;][vc_single_image image=&#8221;242&#8243; alignment=&#8221;center&#8221;][vc_empty_space][vc_btn title=&#8221;Comprar&#8221; color=&#8221;danger&#8221; size=&#8221;sm&#8221; align=&#8221;center&#8221; i_align=&#8221;right&#8221; i_icon_fontawesome=&#8221;fas fa-cart-plus&#8221; add_icon=&#8221;true&#8221; link=&#8221;url:https%3A%2F%2Fwww.ebp.org.br%2Flivraria%2Fproduto%2Fleituras-do-seminario-ou-pior|target:_blank&#8221;][\/vc_column_inner][vc_column_inner width=&#8221;1\/6&#8243;][vc_single_image image=&#8221;324&#8243; alignment=&#8221;center&#8221;][vc_empty_space][vc_btn title=&#8221;Comprar&#8221; color=&#8221;danger&#8221; size=&#8221;sm&#8221; align=&#8221;center&#8221; i_align=&#8221;right&#8221; i_icon_fontawesome=&#8221;fas fa-cart-plus&#8221; add_icon=&#8221;true&#8221; link=&#8221;url:https%3A%2F%2Fwww.ebp.org.br%2Flivraria%2Fproduto%2Fo-avesso-da-biopolitica-uma-escrita-para-o-gozo%2F%3Fv%3D19d3326f3137|target:_blank&#8221;][\/vc_column_inner][vc_column_inner width=&#8221;1\/6&#8243;][vc_single_image image=&#8221;318&#8243; alignment=&#8221;center&#8221;][vc_empty_space][vc_btn title=&#8221;Comprar&#8221; color=&#8221;danger&#8221; size=&#8221;sm&#8221; align=&#8221;center&#8221; i_align=&#8221;right&#8221; i_icon_fontawesome=&#8221;fas fa-cart-plus&#8221; add_icon=&#8221;true&#8221; link=&#8221;url:https%3A%2F%2Fwww.ebp.org.br%2Flivraria%2Fproduto%2Fa-terceira-teoria-de-lalingua-2%2F%3Fv%3D19d3326f3137|target:_blank&#8221;][\/vc_column_inner][vc_column_inner width=&#8221;1\/6&#8243;][vc_single_image image=&#8221;323&#8243; alignment=&#8221;center&#8221;][vc_empty_space][vc_btn title=&#8221;Comprar&#8221; color=&#8221;danger&#8221; size=&#8221;sm&#8221; align=&#8221;center&#8221; i_align=&#8221;right&#8221; i_icon_fontawesome=&#8221;fas fa-cart-plus&#8221; add_icon=&#8221;true&#8221; link=&#8221;url:https%3A%2F%2Fwww.ebp.org.br%2Flivraria%2Fproduto%2Fel-lugar-y-el-lazo-2%2F%3Fv%3D19d3326f3137|target:_blank&#8221;][\/vc_column_inner][vc_column_inner width=&#8221;1\/6&#8243;][vc_single_image image=&#8221;319&#8243; alignment=&#8221;center&#8221;][vc_empty_space][vc_btn title=&#8221;Comprar&#8221; color=&#8221;danger&#8221; size=&#8221;sm&#8221; align=&#8221;center&#8221; i_align=&#8221;right&#8221; i_icon_fontawesome=&#8221;fas fa-cart-plus&#8221; add_icon=&#8221;true&#8221; link=&#8221;url:https%3A%2F%2Fwww.ebp.org.br%2Flivraria%2Fproduto%2Fo-despertar-dormir-sonhar-acordar-talvez%2F%3Fv%3D19d3326f3137|target:_blank&#8221;][\/vc_column_inner][\/vc_row_inner][vc_empty_space height=&#8221;50px&#8221;][\/vc_column][\/vc_row][vc_row][vc_column][vc_row_inner][vc_column_inner width=&#8221;1\/6&#8243;][vc_single_image image=&#8221;320&#8243; img_size=&#8221;196&#215;300&#8243; alignment=&#8221;center&#8221;][vc_empty_space][vc_btn title=&#8221;Comprar&#8221; color=&#8221;danger&#8221; size=&#8221;sm&#8221; align=&#8221;center&#8221; i_align=&#8221;right&#8221; i_icon_fontawesome=&#8221;fas fa-cart-plus&#8221; add_icon=&#8221;true&#8221; link=&#8221;url:https%3A%2F%2Fwww.ebp.org.br%2Flivraria%2Fproduto%2Fcorreio-67%2F%3Fv%3D19d3326f3137|target:_blank&#8221;][\/vc_column_inner][vc_column_inner width=&#8221;1\/6&#8243;][vc_single_image image=&#8221;321&#8243; alignment=&#8221;center&#8221;][vc_empty_space][vc_btn title=&#8221;Comprar&#8221; color=&#8221;danger&#8221; size=&#8221;sm&#8221; align=&#8221;center&#8221; i_align=&#8221;right&#8221; i_icon_fontawesome=&#8221;fas fa-cart-plus&#8221; add_icon=&#8221;true&#8221; link=&#8221;url:https%3A%2F%2Fwww.ebp.org.br%2Flivraria%2Fproduto%2Fcorreio-88%2F%3Fv%3D19d3326f3137|target:_blank&#8221;][\/vc_column_inner][vc_column_inner width=&#8221;1\/6&#8243;][vc_single_image image=&#8221;322&#8243; alignment=&#8221;center&#8221;][vc_empty_space][vc_btn title=&#8221;Comprar&#8221; color=&#8221;danger&#8221; size=&#8221;sm&#8221; align=&#8221;center&#8221; i_align=&#8221;right&#8221; i_icon_fontawesome=&#8221;fas fa-cart-plus&#8221; add_icon=&#8221;true&#8221; link=&#8221;url:https%3A%2F%2Fwww.ebp.org.br%2Flivraria%2Fproduto%2Fcorreio-90%2F%3Fv%3D19d3326f3137|target:_blank&#8221;][\/vc_column_inner][vc_column_inner width=&#8221;1\/6&#8243;][vc_single_image image=&#8221;536&#8243; alignment=&#8221;center&#8221;][vc_empty_space][vc_empty_space][vc_btn title=&#8221;Comprar&#8221; color=&#8221;danger&#8221; size=&#8221;sm&#8221; align=&#8221;center&#8221; i_align=&#8221;right&#8221; i_icon_fontawesome=&#8221;fas fa-cart-plus&#8221; add_icon=&#8221;true&#8221; link=&#8221;url:https%3A%2F%2Fwww.livrariaonlineebp.com.br%2Fprodutos%2Fo-campo-uniano-o-ultimo-ensino-de-lacan-e-suas-consequencias%2F|target:_blank&#8221;][\/vc_column_inner][vc_column_inner width=&#8221;1\/6&#8243;][\/vc_column_inner][vc_column_inner width=&#8221;1\/6&#8243;][\/vc_column_inner][\/vc_row_inner][vc_empty_space height=&#8221;50px&#8221;][\/vc_column][\/vc_row]\n<\/section>","protected":false},"excerpt":{"rendered":"<p>[vc_row][vc_column][vc_column_text] Comiss\u00e3o de Livraria Coordena\u00e7\u00e3o: Gustavo Ramos e Jovita Lima A livraria do XXV EBCF vem sendo preparada para proporcionar aos nossos leitores um encontro com os livros que re\u00fanem as palavras e os temas que circulam em nossa Escola e no Campo Freudiano. O espa\u00e7o da livraria est\u00e1 sendo pensado de maneira a facilitar&hellip;<\/p>\n","protected":false},"author":1,"featured_media":0,"parent":0,"menu_order":0,"comment_status":"closed","ping_status":"closed","template":"","meta":{"om_disable_all_campaigns":false,"_monsterinsights_skip_tracking":false,"_monsterinsights_sitenote_active":false,"_monsterinsights_sitenote_note":"","_monsterinsights_sitenote_category":0,"footnotes":""},"class_list":["post-44","page","type-page","status-publish","hentry","entry","no-media"],"aioseo_notices":[],"_links":{"self":[{"href":"https:\/\/encontrobrasileiroebp2024.com.br\/index.php\/wp-json\/wp\/v2\/pages\/44","targetHints":{"allow":["GET"]}}],"collection":[{"href":"https:\/\/encontrobrasileiroebp2024.com.br\/index.php\/wp-json\/wp\/v2\/pages"}],"about":[{"href":"https:\/\/encontrobrasileiroebp2024.com.br\/index.php\/wp-json\/wp\/v2\/types\/page"}],"author":[{"embeddable":true,"href":"https:\/\/encontrobrasileiroebp2024.com.br\/index.php\/wp-json\/wp\/v2\/users\/1"}],"replies":[{"embeddable":true,"href":"https:\/\/encontrobrasileiroebp2024.com.br\/index.php\/wp-json\/wp\/v2\/comments?post=44"}],"version-history":[{"count":15,"href":"https:\/\/encontrobrasileiroebp2024.com.br\/index.php\/wp-json\/wp\/v2\/pages\/44\/revisions"}],"predecessor-version":[{"id":213,"href":"https:\/\/encontrobrasileiroebp2024.com.br\/index.php\/wp-json\/wp\/v2\/pages\/44\/revisions\/213"}],"wp:attachment":[{"href":"https:\/\/encontrobrasileiroebp2024.com.br\/index.php\/wp-json\/wp\/v2\/media?parent=44"}],"curies":[{"name":"wp","href":"https:\/\/api.w.org\/{rel}","templated":true}]}}