{"id":387,"date":"2024-05-17T16:51:34","date_gmt":"2024-05-17T19:51:34","guid":{"rendered":"https:\/\/encontrobrasileiroebp2024.com.br\/?page_id=387"},"modified":"2024-05-18T17:15:58","modified_gmt":"2024-05-18T20:15:58","slug":"festa","status":"publish","type":"page","link":"https:\/\/encontrobrasileiroebp2024.com.br\/index.php\/festa\/","title":{"rendered":"FESTA"},"content":{"rendered":"<section class=\"wpb-content-wrapper\">[vc_row][vc_column width=&#8221;1\/2&#8243;][vc_column_text]\n<h3><span style=\"color: #993300;\">Comiss\u00e3o de Festa<\/span><\/h3>\n<p>Ser\u00e1 na Pauliceia que ocorrer\u00e1 o XXV Encontro Brasileiro do Campo Freudiano!<\/p>\n<p>Desta vez totalmente presencial. Viva o Encontro de Corpos!<\/p>\n<p>\u00c9 preciso festejar esse Acontecimento! E por isso nossa festa se chama Evo\u00e9! Um grito de Alegria e celebra\u00e7\u00e3o.<\/p>\n<p>O meu pai era paulista\u2028Meu av\u00f4, pernambucano\u2028O meu bisav\u00f4, mineiro\u2028Meu tatarav\u00f4, baiano\u2028Meu maestro soberano\u2028Foi Antonio Brasileiro\u2028Quem soprou esta toada\u2028Que cobri de redondilhas\u2028Pra seguir minha jornada\u2028E com a vista enevoada\u2028Ver o inferno e maravilhas.<\/p>\n<p>Nessas tortuosas trilhas\u2028A viola me redime\u2028Creia, ilustre cavalheiro\u2028Contra fel, mol\u00e9stia, crime\u2028Use Dorival Caymmi\u2028V\u00e1 de Jackson do Pandeiro.<\/p>\n<p>Esse \u00e9 o Encontro Brasileiro! Paratodos!<\/p>\n<p>Vamos de Dorival Caymmi, vamos de Jackson, vamos de Chico, vamos de festa?<\/p>\n<p>Nossa festa est\u00e1 oficialmente lan\u00e7ada!!! Evo\u00e9!!!<\/p>\n<h6>Paula C. V. Caio de Carvalho<\/h6>\n[\/vc_column_text][\/vc_column][vc_column width=&#8221;1\/2&#8243;][vc_video link=&#8221;https:\/\/youtu.be\/MRY9L-2yr7c&#8221;][\/vc_column][\/vc_row][vc_row][vc_column][vc_empty_space][vc_column_text]\n<h1 style=\"text-align: center;\"><strong><span style=\"color: #333399;\">EVO\u00c9<\/span><\/strong><\/h1>\n<h3 style=\"text-align: center;\"><strong><span style=\"color: #993300;\">FESTA DO XXV EBCF<\/span><\/strong><\/h3>\n[\/vc_column_text][vc_column_text]\n<p style=\"text-align: center;\"><strong>09 de novembro<br \/>\n<\/strong>\u00a0Cine Cortina &#8211; Rua Ara\u00fajo, 62 &#8211; Rep\u00fablica.<\/p>\n[\/vc_column_text][\/vc_column][\/vc_row][vc_row][vc_column width=&#8221;1\/2&#8243;][vc_separator color=&#8221;juicy_pink&#8221;][vc_column_text]\n<h3 style=\"text-align: center;\"><span style=\"color: #333399;\"><strong>VALOR PROMOCIONAL at\u00e9 19 de maio<\/strong><\/span><\/h3>\n<h3 style=\"text-align: center;\"><span style=\"color: #993300;\">R$ 270.00<\/span><\/h3>\n<p style=\"text-align: center;\">(em 3x)<\/p>\n[\/vc_column_text][vc_empty_space]<div class=\"theme-button-wrap textcenter wpex-clr\"><a href=\"https:\/\/pag.ae\/7-u5n7pM8\" class=\"vcex-button theme-button flat red align-center inline\"><span class=\"vcex-button-inner theme-button-inner\">INSCRI\u00c7\u00c3O<\/span><\/a><\/div> [\/vc_column][vc_column width=&#8221;1\/2&#8243;][vc_separator color=&#8221;juicy_pink&#8221;][vc_column_text]\n<h3 style=\"text-align: center;\"><span style=\"color: #333399;\"><strong>a partir de segunda-feira, 20 de maio<br \/>\n<\/strong><\/span><\/h3>\n<h3 style=\"text-align: center;\"><span style=\"color: #993300;\">R$ 300.00<\/span><\/h3>\n<p style=\"text-align: center;\">(\u00e0 vista)<\/p>\n[\/vc_column_text][vc_empty_space]<div class=\"theme-button-wrap textcenter wpex-clr\"><a href=\"https:\/\/pag.ae\/7-u5nPR4r\" class=\"vcex-button theme-button flat red align-center inline\"><span class=\"vcex-button-inner theme-button-inner\">INSCRI\u00c7\u00c3O<\/span><\/a><\/div> [\/vc_column][\/vc_row]\n<\/section>","protected":false},"excerpt":{"rendered":"<p>[vc_row][vc_column width=&#8221;1\/2&#8243;][vc_column_text] Comiss\u00e3o de Festa Ser\u00e1 na Pauliceia que ocorrer\u00e1 o XXV Encontro Brasileiro do Campo Freudiano! Desta vez totalmente presencial. Viva o Encontro de Corpos! \u00c9 preciso festejar esse Acontecimento! E por isso nossa festa se chama Evo\u00e9! Um grito de Alegria e celebra\u00e7\u00e3o. O meu pai era paulista\u2028Meu av\u00f4, pernambucano\u2028O meu bisav\u00f4, mineiro\u2028Meu&hellip;<\/p>\n","protected":false},"author":1,"featured_media":0,"parent":0,"menu_order":0,"comment_status":"closed","ping_status":"closed","template":"","meta":{"om_disable_all_campaigns":false,"_monsterinsights_skip_tracking":false,"_monsterinsights_sitenote_active":false,"_monsterinsights_sitenote_note":"","_monsterinsights_sitenote_category":0,"footnotes":""},"class_list":["post-387","page","type-page","status-publish","hentry","entry","no-media"],"aioseo_notices":[],"_links":{"self":[{"href":"https:\/\/encontrobrasileiroebp2024.com.br\/index.php\/wp-json\/wp\/v2\/pages\/387","targetHints":{"allow":["GET"]}}],"collection":[{"href":"https:\/\/encontrobrasileiroebp2024.com.br\/index.php\/wp-json\/wp\/v2\/pages"}],"about":[{"href":"https:\/\/encontrobrasileiroebp2024.com.br\/index.php\/wp-json\/wp\/v2\/types\/page"}],"author":[{"embeddable":true,"href":"https:\/\/encontrobrasileiroebp2024.com.br\/index.php\/wp-json\/wp\/v2\/users\/1"}],"replies":[{"embeddable":true,"href":"https:\/\/encontrobrasileiroebp2024.com.br\/index.php\/wp-json\/wp\/v2\/comments?post=387"}],"version-history":[{"count":10,"href":"https:\/\/encontrobrasileiroebp2024.com.br\/index.php\/wp-json\/wp\/v2\/pages\/387\/revisions"}],"predecessor-version":[{"id":398,"href":"https:\/\/encontrobrasileiroebp2024.com.br\/index.php\/wp-json\/wp\/v2\/pages\/387\/revisions\/398"}],"wp:attachment":[{"href":"https:\/\/encontrobrasileiroebp2024.com.br\/index.php\/wp-json\/wp\/v2\/media?parent=387"}],"curies":[{"name":"wp","href":"https:\/\/api.w.org\/{rel}","templated":true}]}}