{"id":34,"date":"2024-02-23T08:43:16","date_gmt":"2024-02-23T11:43:16","guid":{"rendered":"https:\/\/encontrobrasileiroebp2024.com.br\/?page_id=34"},"modified":"2024-04-16T11:28:12","modified_gmt":"2024-04-16T14:28:12","slug":"organizacao","status":"publish","type":"page","link":"https:\/\/encontrobrasileiroebp2024.com.br\/index.php\/o-encontro\/organizacao\/","title":{"rendered":"Organiza\u00e7\u00e3o"},"content":{"rendered":"<section class=\"wpb-content-wrapper\">[vc_row][vc_column][vc_column_text]\n<h3><span style=\"color: #000080;\">Diretoria<\/span> do Encontro<\/h3>\n<ul>\n<li><strong>Patricia Badari<\/strong> (Presidente)<\/li>\n<li><strong>Niraldo de Oliveira Santos<\/strong> (Diretor)<\/li>\n<li><strong>Alessandra Pecego e R\u00f4mulo Ferreira da Silva<\/strong> (Coordenadores Gerais)<\/li>\n<\/ul>\n<hr \/>\n<h3><span style=\"color: #000080;\">Comiss\u00e3o de Acolhimento<\/span><\/h3>\n<ul>\n<li><strong>Coord:<\/strong> Camila Popadiuk (SP) e Paula Legey (RJ)<\/li>\n<li>Anna Luiza Almeida (RJ)<\/li>\n<li>Ana Maria Guerra (SP)<\/li>\n<li>Carla Fernandes (BA)<\/li>\n<li>Caroline Noel (RJ)<\/li>\n<li>Francisca Menta (RJ)<\/li>\n<li>Miguel Antunes (MG)<\/li>\n<li>Milena Vicari Crastelo (SP)<\/li>\n<\/ul>\n<hr \/>\n<h3><span style=\"color: #000080;\">Comiss\u00e3o de Arte e Cultura<\/span><\/h3>\n<ul>\n<li><strong>Coord:<\/strong> Cinthia Ramos Busato (Sul) e Isabel do R\u00eago Barros Duarte (RJ)<\/li>\n<li>Cristiana Pitela (MG)<\/li>\n<li>Cristiano Pimenta (SLO)<\/li>\n<li>Fl\u00e1via Corpas (SP)<\/li>\n<li>Louren\u00e7o Ast\u00faa de Moraes (RJ)<\/li>\n<li>Nelson Matheus (NE)<\/li>\n<li>Val\u00e9ria Beatriz (SUL)<\/li>\n<li>Wilker Fran\u00e7a (BA)<\/li>\n<\/ul>\n<hr \/>\n<h3><span style=\"color: #000080;\">Comiss\u00e3o de Boletim<\/span><\/h3>\n<ul>\n<li><strong>Coord:<\/strong> Gustavo Menezes (SP) e Renata Gomes Martinez (RJ)<\/li>\n<li>Adriana Rodrigues (SUL)<\/li>\n<li>Cleyton Andrade (NE)<\/li>\n<li>Daniela Nunes Ara\u00fajo (BA)<\/li>\n<li>Fabr\u00edcio Donizetti (SP)<\/li>\n<li>Ol\u00edvia Viana (MG)<\/li>\n<li>Thereza de Felice (RJ)<\/li>\n<\/ul>\n<hr \/>\n<h3><span style=\"color: #000080;\">Comiss\u00e3o Cient\u00edfica<\/span><\/h3>\n<ul>\n<li><strong>Coord:<\/strong> Luiz Fernando Carrijo da Cunha (SP) e Mirmila Musse (SP)<\/li>\n<li>Ana Teresa de Faria Groisman (RJ)<\/li>\n<li>Glacy Gonzales Gorski (NE)<\/li>\n<li>Leonardo Duarte Scofield (SUL)<\/li>\n<li>Marcelo Veras (BA)<\/li>\n<li>Ram Mandil (MG)<\/li>\n<li>Ruskaya Rodrigues Maia (SLO)<\/li>\n<\/ul>\n<hr \/>\n<h3><span style=\"color: #000080;\">Comiss\u00e3o de Divulga\u00e7\u00e3o e M\u00eddias<\/span><\/h3>\n<ul>\n<li><strong>Coord:<\/strong> Cristiane Barreto (MG) e Jaqueline Moreira Coelho (LO)<\/li>\n<li>Dinah Kleve (RJ)<\/li>\n<li>Fernanda Carvalho (SP)<\/li>\n<li>Heloisa Bed\u00ea (MG)<\/li>\n<li>J\u00falia Jones (BA)<\/li>\n<li>Juliana Naves (GO)<\/li>\n<li>M\u00f4nica Hage (BA)<\/li>\n<li>Nelson Mateus (NE)<\/li>\n<li>Rafaela Quixabeira (SLO)<\/li>\n<li>Ver\u00f4nica Montenegro (SC)<\/li>\n<\/ul>\n<h3><span style=\"color: #000080;\">Comiss\u00e3o de Festa<\/span><\/h3>\n<ul>\n<li><strong>Coord:<\/strong> Paula Caio Carvalho (SP), Veridiana Paes de Barros (SP)<\/li>\n<li>Emelice Prado Bagnola (SP)<\/li>\n<li>Jana\u00edna Ver\u00edssimo (SP)<\/li>\n<li>Luisa Fromer (SP)<\/li>\n<li>Maria Julia S. M. Vieira (SP)<\/li>\n<li>Patr\u00edcia Bichara (SP)<\/li>\n<li>Priscila Tavares (SP)<\/li>\n<li>Renata Lucindo F. Mendon\u00e7a (MG)<\/li>\n<li>Ruth Galv\u00e3o de Barros (SP)<\/li>\n<\/ul>\n<hr \/>\n<h3><span style=\"color: #000080;\">Comiss\u00e3o de Infraestrutura<\/span><\/h3>\n<ul>\n<li><strong>Coord:<\/strong> Camila Col\u00e1s (SP) e Daniela Affonso (SP)<\/li>\n<li>Aparecida S. C. Berlitz (SP)<\/li>\n<li>Camille Gavioli (SP) &#8211; Infra CIEN\/ CEREDA<\/li>\n<li>Cl\u00e1udio Ivan Bezerra (SP)<\/li>\n<li>D\u00e9bora C. Garcia (SP)<\/li>\n<li>Eduardo Vallejos (SP) &#8211; Infra CIEN\/ CEREDA<\/li>\n<li>Eliana Machado Figueiredo (SP)<\/li>\n<li>Francisco Durante (SP)<\/li>\n<li>Gabriela Ponte (SP)<\/li>\n<li>Jefferson Nascimento (SP)<\/li>\n<li>Katia Oliveira Mari\u00e1s (MG)<\/li>\n<li>K\u00e1tia Ribeiro Nadeau (SP)<\/li>\n<li>Luciana Legey (SP) &#8211; Infra Tya<\/li>\n<li>Maria C\u00e9lia Kato (SP) &#8211; Infra Tya<\/li>\n<li>Marilice dos Santos Guerra (SP)<\/li>\n<li>Ros\u00e2ngela Turim (SP)<\/li>\n<li>Siglia Le\u00e3o (SP) &#8211; Infra CIEN\/ CEREDA<\/li>\n<li>Silvana Sbravati (SP)<\/li>\n<\/ul>\n<hr \/>\n<h3><span style=\"color: #000080;\">Comiss\u00e3o de Livraria<\/span><\/h3>\n<ul>\n<li><strong>Coord:<\/strong> Gustavo Ramos da Silva (Sul) Jovita Carneiro de Lima (SP)<\/li>\n<li>Ana Sofia Guerra (SP)<\/li>\n<li>Andr\u00e9a Tochetto (SUL)<\/li>\n<li>Cynthia Gindro (SP)<\/li>\n<li>Eduardo Vallejos (SP)<\/li>\n<li>Felipe Bier (SP)<\/li>\n<li>Gabriela Malvezzi do Amaral (SP)<\/li>\n<li>Licene Garcia (SP)<\/li>\n<li>Tatiana Vidotti (SP)<\/li>\n<\/ul>\n<hr \/>\n<h3><span style=\"color: #000080;\">Comiss\u00e3o de Refer\u00eancias Bibliogr\u00e1ficas<\/span><\/h3>\n<ul>\n<li><strong>Coord:<\/strong> Margarida Maria Elia Assad (NE) e Maricia Aguiar Ciscato (RJ)<\/li>\n<li>Anna Rog\u00e9ria (SLO)<\/li>\n<li>Cl\u00e1udia Formiga (NE)<\/li>\n<li>Cristina Duba (RJ)<\/li>\n<li>Fabiola Ramon (SP)<\/li>\n<li>Marina Fragoso (NE)<\/li>\n<li>Nohemi Brown (SUL)<\/li>\n<\/ul>\n<hr \/>\n<h3><span style=\"color: #000080;\">Comiss\u00e3o de Site e Podcast<\/span><\/h3>\n<ul>\n<li><strong>Coord:<\/strong> \u00c9lida Biasoli (SP), Rog\u00e9rio de Andrade Barros (BA)<\/li>\n<li>Cl\u00e1udia Santa (SP)<\/li>\n<li>Cristina Frederico (RJ)<\/li>\n<li>Marcela Bacarini (MG)<\/li>\n<li>Marcelo A. do P. Magnelli (BA)<\/li>\n<li>Mar\u00edlia Santiago (BA)<\/li>\n<\/ul>\n<hr \/>\n<h3><span style=\"color: #000080;\">Comiss\u00e3o de Tesouraria e Secretaria<\/span><\/h3>\n<ul>\n<li><strong>Coord:<\/strong> Andr\u00e9a Reis (RJ) e Cristiana Chacon Gallo (SP)<\/li>\n<li>Andressa Luz (SP)<\/li>\n<li>Maria C\u00e9lia Kato (SP)<\/li>\n<\/ul>\n<hr \/>\n<h3><span style=\"color: #000080;\">Comiss\u00e3o de Tradu\u00e7\u00e3o<\/span><\/h3>\n<ul>\n<li><strong>Coord:<\/strong> Luciana Silviano Brand\u00e3o Lopes (MG) e Paola Salinas (SP)<\/li>\n<li><strong>FRANC\u00caS<\/strong>:<br \/>\nAna Maria Guerra (SP)<br \/>\nLucila Darrigo (SP)<br \/>\nMarcia Bandeira (MG)<br \/>\nVeridiana Marucio (SP)<br \/>\nYolanda Vilela (MG)<\/li>\n<li><strong>ESPANHOL:<\/strong>\n<ul>\n<li><strong>ES-PT:<\/strong><br \/>\nAna Beatriz Zimmerman (RJ)<br \/>\nBruna Guaran\u00e1 (RJ)<br \/>\nRenata Mart\u00ednez (RJ)<br \/>\nRuht Jeunon (NE)<\/li>\n<li><strong>PT-ES:<\/strong><br \/>\nErnesto Anzalone (MG)<br \/>\nPablo Sauce (BA)<\/li>\n<\/ul>\n<\/li>\n<li><strong>INGL\u00caS:<\/strong><br \/>\nLouise Lhullier (SC)<\/li>\n<\/ul>\n[\/vc_column_text][\/vc_column][\/vc_row]\n<\/section>","protected":false},"excerpt":{"rendered":"<p>[vc_row][vc_column][vc_column_text] Diretoria do Encontro Patricia Badari (Presidente) Niraldo de Oliveira Santos (Diretor) Alessandra Pecego e R\u00f4mulo Ferreira da Silva (Coordenadores Gerais) Comiss\u00e3o de Acolhimento Coord: Camila Popadiuk (SP) e Paula Legey (RJ) Anna Luiza Almeida (RJ) Ana Maria Guerra (SP) Carla Fernandes (BA) Caroline Noel (RJ) Francisca Menta (RJ) Miguel Antunes (MG) Milena Vicari Crastelo&hellip;<\/p>\n","protected":false},"author":1,"featured_media":0,"parent":19,"menu_order":0,"comment_status":"closed","ping_status":"closed","template":"","meta":{"om_disable_all_campaigns":false,"_monsterinsights_skip_tracking":false,"_monsterinsights_sitenote_active":false,"_monsterinsights_sitenote_note":"","_monsterinsights_sitenote_category":0,"footnotes":""},"class_list":["post-34","page","type-page","status-publish","hentry","entry","no-media"],"aioseo_notices":[],"_links":{"self":[{"href":"https:\/\/encontrobrasileiroebp2024.com.br\/index.php\/wp-json\/wp\/v2\/pages\/34","targetHints":{"allow":["GET"]}}],"collection":[{"href":"https:\/\/encontrobrasileiroebp2024.com.br\/index.php\/wp-json\/wp\/v2\/pages"}],"about":[{"href":"https:\/\/encontrobrasileiroebp2024.com.br\/index.php\/wp-json\/wp\/v2\/types\/page"}],"author":[{"embeddable":true,"href":"https:\/\/encontrobrasileiroebp2024.com.br\/index.php\/wp-json\/wp\/v2\/users\/1"}],"replies":[{"embeddable":true,"href":"https:\/\/encontrobrasileiroebp2024.com.br\/index.php\/wp-json\/wp\/v2\/comments?post=34"}],"version-history":[{"count":13,"href":"https:\/\/encontrobrasileiroebp2024.com.br\/index.php\/wp-json\/wp\/v2\/pages\/34\/revisions"}],"predecessor-version":[{"id":302,"href":"https:\/\/encontrobrasileiroebp2024.com.br\/index.php\/wp-json\/wp\/v2\/pages\/34\/revisions\/302"}],"up":[{"embeddable":true,"href":"https:\/\/encontrobrasileiroebp2024.com.br\/index.php\/wp-json\/wp\/v2\/pages\/19"}],"wp:attachment":[{"href":"https:\/\/encontrobrasileiroebp2024.com.br\/index.php\/wp-json\/wp\/v2\/media?parent=34"}],"curies":[{"name":"wp","href":"https:\/\/api.w.org\/{rel}","templated":true}]}}