{"id":280,"date":"2024-04-11T09:05:08","date_gmt":"2024-04-11T12:05:08","guid":{"rendered":"https:\/\/encontrobrasileiroebp2024.com.br\/?page_id=280"},"modified":"2024-06-07T08:28:42","modified_gmt":"2024-06-07T11:28:42","slug":"referencias-bibliograficas-lista-geral","status":"publish","type":"page","link":"https:\/\/encontrobrasileiroebp2024.com.br\/index.php\/o-encontro\/bibliografia\/referencias-bibliograficas-lista-geral\/","title":{"rendered":"Refer\u00eancias Bibliogr\u00e1ficas \u2013 lista geral"},"content":{"rendered":"<section class=\"wpb-content-wrapper\">[vc_row][vc_column][vc_column_text]\n<h3><span style=\"color: #000080;\"><strong>Refer\u00eancias Bibliogr\u00e1ficas \u2013 Lista geral<\/strong><\/span><\/h3>\n<p>Abaixo, voc\u00eas encontram uma lista geral de refer\u00eancias bibliogr\u00e1ficas, uma lista viva, que seguir\u00e1 em constru\u00e7\u00e3o at\u00e9 o nosso Encontro. Ela se faz como produto da pesquisa realizada pela <em>Comiss\u00e3o de Refer\u00eancias<\/em>, de sugest\u00f5es de colegas e das orienta\u00e7\u00f5es da\u00a0<em>Comiss\u00e3o Cient\u00edfica.<\/em><\/p>\n<hr \/>\n<p>FREUD, S. Sobre a din\u00e2mica da transfer\u00eancia [1912]. <em>In<\/em>: <strong>Fundamentos da cl\u00ednica psicanal\u00edtica<\/strong>. (Obras Incompletas de Sigmund Freud \/coordena\u00e7\u00e3o Gilson Ianinni, Pedro Heliodoro Tavares). Belo Horizonte: Aut\u00eantica, 2020, p.107-120.<\/p>\n<p>FREUD, S. Introdu\u00e7\u00e3o ao narcisismo [1914]. <em>In<\/em>: <strong>Obras Psicol\u00f3gicas Completas de Sigmund Freud<\/strong>. Rio de Janeiro: Imago, 1996, v. XIV, p.77-108.<\/p>\n<p>FREUD, S. Al\u00e9m do princ\u00edpio de prazer [1920]. <em>In<\/em>: <strong>Al\u00e9m do princ\u00edpio de prazer<\/strong>. (Obras incompletas de Sigmund Freud). Belo Horizonte: Aut\u00eantica, 2020, p. 57-205.<\/p>\n<p>FREUD, S. Inibi\u00e7\u00e3o, sintoma e ang\u00fastia [1925]. <em>In<\/em>: <strong>Obras Psicol\u00f3gicas Completas de Sigmund Freud<\/strong>. Rio de Janeiro: Imago, 1996, v. XX, p. 81-171.<\/p>\n<p>FREUD, S. Uma neurose demon\u00edaca do s\u00e9culo XVII [1923]. <em>In:<\/em> <strong>Obras Psicol\u00f3gicas Completas<\/strong> <strong>de Sigmund Freud<\/strong>. Rio de Janeiro: Imago. 1996, v. XIX, p. 83-120.<\/p>\n<p>FREUD, S. O futuro de uma ilus\u00e3o [1927]. <em>In<\/em>: <strong>Cultura, Sociedade, Religi\u00e3o<\/strong>: O mal-estar na cultura e outros escritos. (Obras Incompletas de Sigmund Freud). Belo Horizonte: Aut\u00eantica, 2020, p. 233-297.<\/p>\n<p>FREUD, S. Mal-estar na civiliza\u00e7\u00e3o [1930]. <em>In<\/em>: <strong>Cultura, sociedade, religi\u00e3o<\/strong>: o mal estar na cultura e outros escritos. (Obras incompletas de Sigmund Freud). Belo Horizonte: Aut\u00eantica editora, 2020, p. 305-405.<\/p>\n<p>FREUD, S. A Quest\u00e3o de uma <em>Weltanschauung<\/em>. Confer\u00eancia XXXV. <em>In:<\/em> <strong>Obras Psicol\u00f3gicas Completas<\/strong> <strong>de Sigmund Freud<\/strong>. Rio de Janeiro: Imago, 1976, v. XXII, p. 220.<\/p>\n<p>FREUD, S. An\u00e1lise finita e infinita [1937]. <em>In<\/em>: <strong>Fundamentos da cl\u00ednica psicanal\u00edtica<\/strong>. (Obras incompletas de Sigmund Freud). Belo Horizonte: Aut\u00eantica, 2019, p. 315-361.<\/p>\n<hr \/>\n<p>LACAN, J. <strong>O semin\u00e1rio, livro 11<\/strong>: os quatros conceitos fundamentais da psican\u00e1lise [1964]. Rio de Janeiro: Jorge Zahar Editor, 1988.<\/p>\n<p>LACAN, J. <strong>O semin\u00e1rio, livro 17<\/strong>: o avesso da psican\u00e1lise [1969-70]. Rio de Janeiro: Jorge Zahar Ed., 1992.<\/p>\n<p>LACAN, J. <strong>O semin\u00e1rio, livro 18: <\/strong>de um discurso que n\u00e3o fosse semblante [1970-71]. Rio de Janeiro: Zahar, 2009.<\/p>\n<p>LACAN, J. <strong>O semin\u00e1rio, livro 19<\/strong>: &#8230;ou pior [1971-72]. Rio de Janeiro: Zahar, 2012.<\/p>\n<p>LACAN, J. <strong>O semin\u00e1rio, livro 20<\/strong>: mais, ainda [1972-73]. Rio de Janeiro: Jorge Zahar Editor, 1985.<\/p>\n<p>LACAN, J. <strong>O semin\u00e1rio, livro 23<\/strong>: o sinthoma [1975-76]. Rio de Janeiro: Zahar, 2007.<\/p>\n<p>LACAN, J. Alocu\u00e7\u00e3o sobre as psicoses da crian\u00e7a [1967]. <em>In<\/em>: LACAN, J. <strong>Outros escritos<\/strong>. Rio de Janeiro: Zahar, 2003<strong>, p. 359-368<\/strong>.<\/p>\n<p>LACAN, J. Radiofonia [1970].<em> In<\/em>: LACAN, J. <strong>Outros escritos<\/strong>. Rio de Janeiro: Jorge Zahar Ed., 2003, p. 400-447.<\/p>\n<p>LACAN, J. Aturdito [1972]. <em>In<\/em>: LACAN, J. <strong>Outros escritos<\/strong>. Rio de Janeiro: Jorge Zahar Ed., 2003, p. 448-497.<\/p>\n<p>LACAN, J. &#8230;ou pior. Relat\u00f3rio do semin\u00e1rio de 1971-1972 [1971-72]. <em>In<\/em>: LACAN, J. <strong>Outros escritos<\/strong>. Rio de Janeiro: Jorge Zahar Ed., 2003, p. 544-549.<\/p>\n<p>LACAN, J. Do discurso psicanal\u00edtico [1972]. <em>In<\/em>: LACAN, J.<strong> Lacan in Italia<\/strong>,1953-1978. Milano: Salamandra,1978, p. 40-48.<\/p>\n<p>LACAN, J. <strong>Estou falando com as paredes<\/strong>: conversas na Capela de Sainte-Anne [1971-72]. Rio de Janeiro: Zahar, 2011.<\/p>\n<p>LACAN, J. Televis\u00e3o [1974]. <em>In<\/em>: LACAN, J. <strong>Outros escritos<\/strong>. Rio de Janeiro: Jorge Zahar Ed., 2003, p. 508-543.<\/p>\n<p>LACAN, J. <strong>A terceira<\/strong>: teoria de lal\u00edngua [1974]. Rio de Janeiro: Zahar, 2022.<\/p>\n<p>LACAN, J. Nota sobre o pai. <em>In<\/em>: <strong>Op\u00e7\u00e3o Lacaniana,<\/strong> S\u00e3o Paulo: Eolia,\u00a0 n. 71, 2015, p. 7.<\/p>\n<hr \/>\n<p>MILLER, J-A. Teoria d\u00b4al\u00edngua (rudimento). <em>In<\/em>: MILLER, J-A. <strong>Matemas I<\/strong>. Rio de Janeiro: Jorge Zahar ed., 1996, p. 55-72.<\/p>\n<p>MILLER J.-A. A salva\u00e7\u00e3o pelos dejetos. <em>In: <\/em><strong>Correio<\/strong>: Revista da Escola Brasileira de Psican\u00e1lise. S\u00e3o Paulo: Escola Brasileira de Psican\u00e1lise, \u00a0n. 67, dez, 2010.<\/p>\n<p>MILLER, J-A. Biologia lacaniana e acontecimentos de corpo. <em>In<\/em>:<strong> Op\u00e7\u00e3o Lacaniana<\/strong>, S\u00e3o Paulo: Eolia, n.41, dez. 2004, p. 7-67.<\/p>\n<p>MILLER, J.-A. Pe\u00e7as avulsas \u2013 coment\u00e1rio sobre Le Sinthome. <em>In<\/em>: <strong>Op\u00e7\u00e3o Lacaniana<\/strong>, S\u00e3o Paulo: Edi\u00e7\u00f5es E\u00f3lia, n. 45, 2006.<\/p>\n<p>MILLER, J.-A. Cl\u00ednica de la civilizaci\u00f3n. <em>In<\/em>: MILLER, J-A. <strong>El banquete de los analistas<\/strong>: [1989-1990]. Buenos Aires: Paid\u00f3s, 2011, p. 295-311. (Los cursos psicoanal\u00edticos de Jacques-Alain Miller)<\/p>\n<p>MILLER, J.-A. <strong>El lugar y el lazo<\/strong> [2000-2001]. Buenos Aires: Paid\u00f3s, 2013. (Los cursos psicoanal\u00edticos de Jacques-Alain Miller)<\/p>\n<p>MILLER, J.-A. Os seis paradigmas do gozo. <em>In: <\/em><strong>Op\u00e7\u00e3o Lacaniana<\/strong>: Revista Brasileira Internacional de Psican\u00e1lise, S\u00e3o Paulo, n.26\/27, abr. 2000, p. 87-105.<\/p>\n<p>MILLER, Jacques-Alain. A inven\u00e7\u00e3o psic\u00f3tica. <em>In: <\/em><strong>Op\u00e7\u00e3o Lacaniana<\/strong>: Revista Brasileira Internacional de Psican\u00e1lise, S\u00e3o Paulo, n.36, maio 2003, p. 6-16.<\/p>\n<p>MILLER, J.-A. Uma fantasia. <em>In:<\/em> <strong>Op\u00e7\u00e3o Lacaniana<\/strong>: Revista Brasileira Internacional de Psican\u00e1lise, S\u00e3o Paulo, n.42, fev. 2005, p. 7-18.<\/p>\n<p>MILLER, J.-A. <strong>El Ser y el Uno: Los cursos psicoanal\u00edticos de Jacques-Alain Miller<\/strong> [2010-2011]. MILLER, J.-A. <strong>O ser e o um<\/strong>: curso 2011-2012. Tradu\u00e7\u00e3o Vera Avellar Ribeiro. EBP-Rio, 2011. 146 p. Documento de trabalho para atividades da Escola Brasileira de Psican\u00e1lise. In\u00e9dito.<\/p>\n<p>MILLER, J.-A. Ler um sintoma. <em>In:<\/em> <strong>Op\u00e7\u00e3o Lacaniana<\/strong>: Revista Brasileira Internacional de Psican\u00e1lise, S\u00e3o Paulo, n.70, jun. 2015, p. 13-22.<\/p>\n<p>MILLER, J.-A. O inconsciente e o corpo falante. <em>In<\/em>: MILLER, J.-A. <strong>Osso de uma an\u00e1lise + O inconsciente e o corpo falante<\/strong>. Rio de Janeiro: Zahar, 2015. (Campo Freudiano no Brasil). Dispon\u00edvel em:<a href=\"https:\/\/www.wapol.org\/pt\/articulos\/Template.asp?intTipoPagina=4&amp;intPublicacion=13&amp;intEdicion=9&amp;intIdiomaPublicacion=9&amp;intArticulo=2742&amp;intIdiomaArticulo=9\"> https:\/\/www.wapol.org\/pt\/articulos\/Template.asp?intTipoPagina=4&amp;intPublicacion=13&amp;intEdicion=9&amp;intIdiomaPublicacion=9&amp;intArticulo=2742&amp;intIdiomaArticulo=9<\/a>.\u00a0 Acesso em: 5 abr. 2024.<\/p>\n<p>MILLER, J.-A. Habeas corpus. <em>In: <\/em><strong>Op\u00e7\u00e3o Lacaniana<\/strong>: Revista Brasileira Internacional de Psican\u00e1lise, S\u00e3o Paulo, n.73, ago. 2016, p. 31-35. Dispon\u00edvel em:<a href=\"https:\/\/congresoamp2018.com\/pt-pt\/textos\/habeas-corpus\/\"> https:\/\/congresoamp2018.com\/pt-pt\/textos\/habeas-corpus\/<\/a>. Acesso em: 5 abr. 2024.<\/p>\n<p>MILLER, J.-A. <strong>El uno en la experiencia anal\u00edtica<\/strong>: lecturas del Semin\u00e1rio 19 &#8230;o peor. Olivos: Grama Ediciones, 2023.<\/p>\n<p>MILLER, J.-A. Le p\u00e8re devenu vapeur. <em>In:<\/em> <strong>Mental: revue Internationale de psychanalyse, <\/strong>Paris, n. 48, nov. 2023, p.13-16.<\/p>\n<p>MILLER, J-A. Quinta li\u00e7\u00e3o. <em>In:<\/em><strong> Perspectivas dos Escritos e Outros escritos de Jacques Lacan. <\/strong>Rio de Janeiro: Zahar ed., 2011. p. 76-87.<\/p>\n<hr \/>\n<p>LAURENT, E. Aliena\u00e7\u00e3o e separa\u00e7\u00e3o I e Aliena\u00e7\u00e3o e separa\u00e7\u00e3o II. <em>In<\/em>: FELDSTEIN, Richard; FINK, Bruce; JAANUS, Maire (org.).<strong> Para ler o Semin\u00e1rio 11 de Lacan<\/strong>: os quatro conceitos fundamentais. Rio de Janeiro: Jorge Zahar Ed., 1997, p. 31-51.<\/p>\n<p>LAURENT, E. y otros. <strong>Cuerpos que buscan escrituras<\/strong>. Buenos Aires: Paid\u00f3s, 2014.<\/p>\n<p>LAURENT, E. Por que o Um? <em>In<\/em>: GORSKI, G. e FUENTES, M.J.S. (org.). <strong>Leituras do Semin\u00e1rio &#8230;ou pior de Jacques Lacan<\/strong>. Salvador: Escola Brasileira de Psican\u00e1lise, 2015.<\/p>\n<p>LAURENT, \u00c9. Falar com seu sintoma, falar com seu corpo. <em>In<\/em>: <strong>Correio<\/strong>, S\u00e3o Paulo: Escola Brasileira de Psican\u00e1lise, n.72, abr. 2013, p. 09-26.<\/p>\n<p>LAURENT, E. <strong>O avesso da biopol\u00edtica<\/strong>: uma escrita para o gozo. Rio de Janeiro: Contra Capa, 2016.<\/p>\n<p>LAURENT, \u00c9. O gozo e o corpo social. <em>In<\/em>: <strong>Correio<\/strong>. S\u00e3o Paulo: Escola Brasileira de Psican\u00e1lise, v.1, n.80, p. 13-17, abr. 2017.<\/p>\n<p>LAURENT, E. Los goces que atrapan los cuerpos<strong>.<\/strong> <em>In<\/em>: SEMINARIO DEL CAMPO FREUDIANO DE BARCELONA, 2022, Barcelona. <strong>Conferencia inaugural<\/strong>. Barcelona: Secci\u00f3n Cl\u00ednica de Barcelona, out. 2022. Dispon\u00edvel em:<a href=\"https:\/\/www.scb-icf.net\/nodus\/contingut\/article.php?art=837&amp;rev=89&amp;pub=1\"> https:\/\/www.scb-icf.net\/nodus\/contingut\/article.php?art=837&amp;rev=89&amp;pub=1<\/a>. Acesso em: 5 abr. 2024.<\/p>\n<hr \/>\n<h3><span style=\"color: #000080;\"><strong><u>Vale a pena conferir ainda:<\/u><\/strong><\/span><\/h3>\n<p><strong>Livros:<\/strong><\/p>\n<p>BROUSSE, M.-H. <strong>O inconsciente \u00e9 a pol\u00edtica<\/strong>: Semin\u00e1rio Internacional. Organiza\u00e7\u00e3o de Carmen Silvia Cervelatti. 2 ed. S\u00e3o Paulo: EBP, 2018. 144 p.<\/p>\n<p>______________. <strong>Mulheres e discursos<\/strong>. Rio de Janeiro: Contra Capa, 2019. 171 p. (Op\u00e7\u00e3o Lacaniana, 15).<\/p>\n<p>FUENTES, A. <strong>El mist\u00e9rio del cuerpo hablante<\/strong>. Barcelona: Gedisa Editorial, 2016. 216 p. (Psicoan\u00e1lisis de Orientaci\u00f3n Lacaniana).<\/p>\n<p>GORSKI, G. e FUENTES, M.J.S. (org.). <strong>Leituras do Semin\u00e1rio &#8230;ou pior de Jacques Lacan<\/strong>. Salvador: Escola Brasileira de Psican\u00e1lise, 2015.<\/p>\n<p>HORNE, B.<strong> O campo do uniano<\/strong>: o \u00faltimo ensaio de Lacan e suas consequ\u00eancias. Goi\u00e2nia: Editora Ares, 2022.<\/p>\n<p>TARRAB, M. <strong>El decir y lo real<\/strong>. Olivos: Grama Ed, 2023.<\/p>\n<p>ZBRUN, Mirta (Org.). <strong>Bibli\u00f4 especial<\/strong>: refer\u00eancias do semin\u00e1rio, livro 19&#8230;ou pior Jacques-Lacan. Petr\u00f3polis, RJ: KBR, 2013.<\/p>\n<p><strong>Textos em revistas e sites:<\/strong><\/p>\n<p>ALVARENGA, E. A experi\u00eancia anal\u00edtica: um ant\u00eddoto para o racismo? <em>In: <\/em>JORNADA DA SE\u00c7\u00c3O NORDESTE, 2., 2022, Recife. <strong>Texto de orienta\u00e7\u00e3o lacaniana<\/strong>. Recife: EBP-Se\u00e7\u00e3o Nordeste, 2022. Tema: E o analista em tempos de evapora\u00e7\u00e3o do pai? Eixo 2: O analista frente ao discurso de \u00f3dio segregador e a nova l\u00f3gica coletiva. Dispon\u00edvel em:<a href=\"https:\/\/ebp.org.br\/nordeste\/jornadas\/2022\/2022\/09\/04\/a-experiencia-analitica-um-antidoto-para-o-racismo1\/\"> https:\/\/ebp.org.br\/nordeste\/jornadas\/2022\/2022\/09\/04\/a-experiencia-analitica-um-antidoto-para-o-racismo1\/<\/a>. Acesso em: 5 abr. 2024.<\/p>\n<p>ALVAREZ, P. Discurso capitalista. <em>In<\/em>: <strong>Agente<\/strong> &#8211; Revista Digital de Psican\u00e1lise. Salvador: Escola Brasileira de Psican\u00e1lise, Se\u00e7\u00e3o Bahia. N. 05. Dispon\u00edvel em <a href=\"https:\/\/www.institutopsicanalisebahia.com.br\/agente\/005\/agente_digital_05.pdf\">https:\/\/www.institutopsicanalisebahia.com.br\/agente\/005\/agente_digital_05.pdf<\/a><u>.<\/u> Acesso em 18.04.2024.<\/p>\n<p>ANSERMET, F. Tudo, imediatamente. In: <strong>Correio<\/strong>. S\u00e3o Paulo: Escola Brasileira de Psican\u00e1lise, n. 70, 2011, p. 27-32.<\/p>\n<p>BASSOLS, M. Fundamentos da sexua\u00e7\u00e3o em Lacan. <em>In<\/em>: <strong>Latusa<\/strong>: binarismo em crise &#8211; g\u00eanero e sexo nos tempos que correm. Rio de Janeiro: EBP-Rio, n. 26, 2022, p. 36.<\/p>\n<p>BASSOLS, M., CALDAS, H. Entrevista com Miquel Bassols, por Heloisa Caldas. Rumo ao X Congresso da AMP \u2013 O corpo falante: sobre o inconsciente no s\u00e9culo XXI. <em>In:<\/em> <strong>Correio<\/strong>. S\u00e3o Paulo: EBP, n. 77, 2015. p. 131-139.<\/p>\n<p>BARROS, R.R. O sentido e os seus dejetos<strong>*<\/strong>. <em>In: <\/em><strong>Correio Express.<\/strong> Dispon\u00edvel em: <a href=\"https:\/\/www.ebp.org.br\/correio_express\/2020\/06\/30\/o-sentido-e-os-seus-dejetos\/?highlight=corpo%20discurso\">https:\/\/www.ebp.org.br\/correio_express\/2020\/06\/30\/o-sentido-e-os-seus-dejetos\/?highlight=corpo%20discurso<\/a>. Acesso em: 21 abr. 2024.<\/p>\n<p>BRISSET, F. O. A eclos\u00e3o do Outro rompido, o toque de recolher e o analista como parceiro. <em>In<\/em>: <strong>Correio Express.<\/strong> Dispon\u00edvel em: <a href=\"https:\/\/www.ebp.org.br\/correio_express\/2020\/04\/11\/a-eclosao-do-outro-rompido-o-toque-de-recolher-e-o-analista-como-parceiro\/?highlight=corpo%20discurso\">https:\/\/www.ebp.org.br\/correio_express\/2020\/04\/11\/a-eclosao-do-outro-rompido-o-toque-de-recolher-e-o-analista-como-parceiro\/?highlight=corpo%20discurso<\/a>. Acesso em: 21 de abr. 2024<\/p>\n<p>BRODSKY, G. A alquimia hist\u00e9rica. <em>In:<\/em> <strong>Latusa.<\/strong> Rio de Janeiro: Escola Brasileira de Psican\u00e1lise, se\u00e7\u00e3o Rio, n. 12, 2007, p. 35-46.<\/p>\n<p>BROUSSE, M-H. Do que sofremos?. <em>In<\/em>: <strong>Entrev\u00e1rios<\/strong> &#8211; Revista de psican\u00e1lise e sa\u00fade mental, S\u00e3o Paulo: CLIN-a, n.1, p. 9-13, nov. 2007<\/p>\n<p>BROUSSE, M-H. Objetos soletrados no corpo. <em>In<\/em>: <strong>Arquivos da Biblioteca<\/strong>, Rio de Janeiro: EBP-RJ, n.5, p. 31-46, jun. 2008.<\/p>\n<p>BROUSSE, M-H. Corpos lacanianos: novidades contempor\u00e2neas sobre o est\u00e1dio do espelho. <em>In<\/em>: <strong>Curinga<\/strong>, Belo Horizonte: EBP-MG, n.40, p. 257-271, out. 2015.<\/p>\n<p>BROUSSE, M-H. Um futuro para a psican\u00e1lise &#8211; Fabiola Ramon entrevista Marie-H\u00e9l\u00e8ne Brousse. <em>In<\/em>: <strong>Correio<\/strong>. S\u00e3o Paulo: EBP, n. 79, 2016, p. 123-135.<\/p>\n<p>CASTRO, H, VIEIRA, M.A., MONTEIRO, C., CARRIJO, L.F., KAUFMANNER, H., VERAS, M., BARROS, R. R. Acontecimentos pol\u00edticos de corpo: o analista e a segrega\u00e7\u00e3o. <em>In:<\/em> <strong>Correio<\/strong> &#8211; Revista da EBP. S\u00e3o Paulo: EBP, n. 90, abril 2023, p. 75-108.<\/p>\n<p>FAJNWAKS, F. O discurso capitalista e o imposs\u00edvel. <em>In:<\/em> Texto de orienta\u00e7\u00e3o das II Jornadas da EBP-NO, E o analista em tempos de evapora\u00e7\u00e3o do pai?.<strong>\u00a0 Dispon\u00edvel em: <\/strong><a href=\"https:\/\/ebp.org.br\/nordeste\/jornadas\/2022\/2022\/08\/16\/o-discurso-capitalista-e-o-impossivel\/\">https:\/\/ebp.org.br\/nordeste\/jornadas\/2022\/2022\/08\/16\/o-discurso-capitalista-e-o-impossivel\/<\/a>. Acesso em: 30 abr. 2024.<\/p>\n<p>FAJNWAKS, F. A crise do discurso capitalista est\u00e1 aberta. <em>In:<\/em> JORNADA DA EBP BAHIA, 25, 2021, Salvador; JORNADA DO INSTITUTO DE PSICAN\u00c1LISE DA BAHIA, 21., 2021, Salvador. <strong>Anais<\/strong> [&#8230;]. Salvador: EBP-BA, 2021. Dispon\u00edvel em:<a href=\"https:\/\/ebpbahia.com.br\/jornadas\/2021\/wp-content\/uploads\/2021\/08\/A-crise-do-discurso-capitalista-esta-aberta-Fabian-Fajnwaks.pdf\"> https:\/\/ebpbahia.com.br\/jornadas\/2021\/wp-content\/uploads\/2021\/08\/A-crise-do-discurso-capitalista-esta-aberta-Fabian-Fajnwaks.pdf<\/a>. Acesso em: 5 abr. 2024.<\/p>\n<p>GROSTEIN, S. Capitalism kills love, sortir du discours capitaliste. <em>In:<\/em> <strong>Correio<\/strong>. S\u00e3o Paulo: EBP, n. 85, abril 2021. p. 133-139.<\/p>\n<p>HORNE, B. O analista deve devolver o sujeito \u00e0 sua loucura. <em>In:<\/em> <strong>Correio Express.<\/strong> Dispon\u00edvel em: <a href=\"https:\/\/www.ebp.org.br\/correio_express\/2023\/08\/16\/o-analista-deve-devolver-o-sujeito-a-sua-loucura\/?highlight=corpo%20discurso\">https:\/\/www.ebp.org.br\/correio_express\/2023\/08\/16\/o-analista-deve-devolver-o-sujeito-a-sua-loucura\/?highlight=corpo%20discurso<\/a>. Acesso em: 21 abr. 2024.<\/p>\n<p>JIMENEZ, S. Os dois dizeres de \u201cO aturdito\u201d. <strong>Texto apresentado nas Jornadas Cl\u00ednicas da EBP-Rio \u201cQue se diga\u201d<\/strong>, em 13 de novembro de 2002. Dispon\u00edvel em:<a href=\"https:\/\/ebp.org.br\/rj\/wp-content\/uploads\/2021\/06\/Stella-Jimenez_Os-dois-dizeres-de_O-aturdito_.pdf\"> https:\/\/ebp.org.br\/rj\/wp-content\/uploads\/2021\/06\/Stella-Jimenez_Os-dois-dizeres-de_O-aturdito_.pdf<\/a>. Acesso em 19.04.2024.<\/p>\n<p>MANDIL, R. O final antecipado pelo in\u00edcio. <em>In: <\/em><strong>Correio<\/strong>. S\u00e3o Paulo: EBP, n. 92, abril 2024. p.11-15.<\/p>\n<p>MANDIL, R. O mundo rumo \u00e0 psicose. <em>In<\/em>: <strong>Revista Curinga<\/strong><em>:<\/em> a experi\u00eancia lacaniana com as psicoses. Belo Horizonte: EBP-MG, n. 56, dez. 2023, p. 86-98.<\/p>\n<p>REYMUNDO, O. De corpos. <em>In:<\/em> Correio : revista da EBP. S\u00e3o Paulo: EBP, n. 77, 2015, p. 51-52.<\/p>\n<p>SALINAS, P. \u00bfY qu\u00e9?<strong>. <\/strong><em>In: <\/em><strong>Correio Express.<\/strong> Dispon\u00edvel em: <a href=\"https:\/\/www.ebp.org.br\/correio_express\/2021\/07\/29\/y-que\/?highlight=corpo%20discurso\">https:\/\/www.ebp.org.br\/correio_express\/2021\/07\/29\/y-que\/?highlight=corpo%20discurso<\/a>. Acesso em: 21 de abr. 2024<\/p>\n<p>SANTIAGO, J. Cl\u00ednica do parceiro-mundo-corpo: Coment\u00e1rio sobre o relat\u00f3rio \u201co mundo rumo \u00e0 psicose\u201d. <em>In<\/em>: <strong>Revista Curinga<\/strong>: a experiencia lacaniana com as psicoses. Belo Horizonte: EBP-MG, n. 56, dez. 2023, p. 99-109.<\/p>\n<p>SANTIAGO, J. O avesso da biopol\u00edtica e o v\u00edrus. <em>In: <\/em><strong>Correio Express<\/strong>. Dispon\u00edvel em: <a href=\"https:\/\/www.ebp.org.br\/correio_express\/2020\/03\/28\/o-avesso-da-biopolitica-e-o-virus\/?highlight=corpo%20discurso\">https:\/\/www.ebp.org.br\/correio_express\/2020\/03\/28\/o-avesso-da-biopolitica-e-o-virus\/?highlight=corpo%20discurso<\/a>. Acesso em: 21 de abr. 2024.<\/p>\n<p>SANTIAGO, J. O novo imagin\u00e1rio \u00e9 o corpo. <em>In<\/em>: <strong>Correio. <\/strong>S\u00e3o Paulo: EBP, n. 78, abril 2016. P. 73-77. Dispon\u00edvel tamb\u00e9m em: <a href=\"https:\/\/revistaderivasanaliticas.com.br\/index.php\/corpo2#:~:text=No%20momento%20final%20de%20seu,falante%20n%C3%A3o%20%C3%A9%20o%20cad%C3%A1ver\">https:\/\/revistaderivasanaliticas.com.br\/index.php\/corpo2#:~:text=No%20momento%20final%20de%20seu,falante%20n%C3%A3o%20%C3%A9%20o%20cad%C3%A1ver<\/a>. Acesso em: 20 de maio de 2024.<\/p>\n<p>SALMAN, S. O corpo na experi\u00eancia da an\u00e1lise. <em>In: <\/em><strong>Agente Revista de Psican\u00e1lise. Escola Brasileira de Psican\u00e1lise Se\u00e7\u00e3o Bahia. no. 15.<\/strong> Salvador. Junho de 1994. pp 80-99.<\/p>\n<p>TARRAB, M. Interpreta\u00e7\u00e3o. <em>In: <\/em><strong>Scilicet: As psicoses ordin\u00e1rias e as outras &#8211; sob transfer\u00eancia<\/strong>. S\u00e3o Paulo: Escola Brasileira de Psican\u00e1lise, 2018.<\/p>\n<p>VIEIRA, M.A. Resson\u00e2ncias da intradu\u00e7\u00e3o lacaniana. Dispon\u00edvel em: <a href=\"https:\/\/encontrobrasileiroebp2024.com.br\/index.php\/2024\/04\/30\/ressonancias-da-intraducao-lacaniana1\/\">https:\/\/encontrobrasileiroebp2024.com.br\/index.php\/2024\/04\/30\/ressonancias-da-intraducao-lacaniana1\/<\/a>. Acesso em: 20 de maio 2024<\/p>\n<p>VIEIRA, M. A. La imagen y el cuerpo.<b> Mediodicho<\/b> N\u00b0 40: A brillar mi amor, pp. 27-30. Dispon\u00edvel em: <a href=\"https:\/\/litura.com.br\/wp-content\/uploads\/2023\/07\/Entrevista-La-imagen-y-el-cuerpo.pdf\">https:\/\/litura.com.br\/wp-content\/uploads\/2023\/07\/Entrevista-La-imagen-y-el-cuerpo.pdf<\/a> . Acesso em: 21 de maio de 2024.<\/p>\n<p><strong>Revistas:<\/strong><\/p>\n<p>R\u00c9VUE LA CAUSE DU D\u00c9SIR: yad\u2019lun. Paris: L\u00b4\u00c9cole de la Cause freudienne, n. 107, mar. 2021.<\/p>\n<p>R\u00c9VUE LA CAUSE DU D\u00c9SIR: sortir du discours capitaliste. Paris: L\u00b4\u00c9cole de la Cause freudienne, n. 105, jul. 2020.[\/vc_column_text][\/vc_column][\/vc_row]\n<\/section>","protected":false},"excerpt":{"rendered":"<p>[vc_row][vc_column][vc_column_text] Refer\u00eancias Bibliogr\u00e1ficas \u2013 Lista geral Abaixo, voc\u00eas encontram uma lista geral de refer\u00eancias bibliogr\u00e1ficas, uma lista viva, que seguir\u00e1 em constru\u00e7\u00e3o at\u00e9 o nosso Encontro. Ela se faz como produto da pesquisa realizada pela Comiss\u00e3o de Refer\u00eancias, de sugest\u00f5es de colegas e das orienta\u00e7\u00f5es da\u00a0Comiss\u00e3o Cient\u00edfica. FREUD, S. Sobre a din\u00e2mica da transfer\u00eancia [1912].&hellip;<\/p>\n","protected":false},"author":1,"featured_media":0,"parent":28,"menu_order":0,"comment_status":"closed","ping_status":"closed","template":"","meta":{"om_disable_all_campaigns":false,"_monsterinsights_skip_tracking":false,"_monsterinsights_sitenote_active":false,"_monsterinsights_sitenote_note":"","_monsterinsights_sitenote_category":0,"footnotes":""},"class_list":["post-280","page","type-page","status-publish","hentry","entry","no-media"],"aioseo_notices":[],"_links":{"self":[{"href":"https:\/\/encontrobrasileiroebp2024.com.br\/index.php\/wp-json\/wp\/v2\/pages\/280","targetHints":{"allow":["GET"]}}],"collection":[{"href":"https:\/\/encontrobrasileiroebp2024.com.br\/index.php\/wp-json\/wp\/v2\/pages"}],"about":[{"href":"https:\/\/encontrobrasileiroebp2024.com.br\/index.php\/wp-json\/wp\/v2\/types\/page"}],"author":[{"embeddable":true,"href":"https:\/\/encontrobrasileiroebp2024.com.br\/index.php\/wp-json\/wp\/v2\/users\/1"}],"replies":[{"embeddable":true,"href":"https:\/\/encontrobrasileiroebp2024.com.br\/index.php\/wp-json\/wp\/v2\/comments?post=280"}],"version-history":[{"count":5,"href":"https:\/\/encontrobrasileiroebp2024.com.br\/index.php\/wp-json\/wp\/v2\/pages\/280\/revisions"}],"predecessor-version":[{"id":474,"href":"https:\/\/encontrobrasileiroebp2024.com.br\/index.php\/wp-json\/wp\/v2\/pages\/280\/revisions\/474"}],"up":[{"embeddable":true,"href":"https:\/\/encontrobrasileiroebp2024.com.br\/index.php\/wp-json\/wp\/v2\/pages\/28"}],"wp:attachment":[{"href":"https:\/\/encontrobrasileiroebp2024.com.br\/index.php\/wp-json\/wp\/v2\/media?parent=280"}],"curies":[{"name":"wp","href":"https:\/\/api.w.org\/{rel}","templated":true}]}}