{"id":28,"date":"2024-02-23T08:42:21","date_gmt":"2024-02-23T11:42:21","guid":{"rendered":"https:\/\/encontrobrasileiroebp2024.com.br\/?page_id=28"},"modified":"2024-04-11T11:01:23","modified_gmt":"2024-04-11T14:01:23","slug":"bibliografia","status":"publish","type":"page","link":"https:\/\/encontrobrasileiroebp2024.com.br\/index.php\/o-encontro\/bibliografia\/","title":{"rendered":"Refer\u00eancias Bibliogr\u00e1ficas"},"content":{"rendered":"<section class=\"wpb-content-wrapper\">[vc_row][vc_column][vc_column_text]\n<h3><span style=\"color: #000080;\">Apresenta\u00e7\u00e3o<\/span><\/h3>\n<p>Diante da vastid\u00e3o de refer\u00eancias poss\u00edveis para o tema \u201c<strong>Corpos aprisionados pelo discurso &#8230;e seus restos<\/strong>\u201d, a <em>Comiss\u00e3o de Refer\u00eancias do XXV EBCF<\/em> decidiu formular algumas quest\u00f5es suscitadas na equipe pelo <a href=\"https:\/\/encontrobrasileiroebp2024.com.br\/index.php\/o-encontro\/argumento\/\"><strong>Argumento<\/strong><\/a>\u00a0proposto pela <em>Comiss\u00e3o Cient\u00edfica<\/em>. Partimos da ideia de que, assim, far\u00edamos a pesquisa em busca de refer\u00eancias causados pelo pr\u00f3prio Argumento, o que tornaria nosso trabalho mais vivo e menos burocr\u00e1tico.<\/p>\n<p>Quest\u00f5es como as a seguir t\u00eam nos servido de norte: <em>Como o discurso captura os corpos? Como se apresenta o discurso do mestre contempor\u00e2neo? Como o discurso do analista opera sobre o discurso do mestre? E como opera sobre o discurso do mestre contempor\u00e2neo? Seria do mesmo modo? Como localizamos o n\u00e3o-todo e os \u201cnem todos\u201d capturados pelo discurso? O que resta de uma an\u00e1<\/em><em>lise?<\/em><\/p>\n<p>Propomos, a partir da\u00ed, tr\u00eas diferentes formas de entrada nas <strong>Refer\u00eancias <\/strong><strong>Bibliogr\u00e1ficas<\/strong>:<\/p>\n<p>&#8211; Na aba \u201c<a href=\"https:\/\/encontrobrasileiroebp2024.com.br\/index.php\/o-encontro\/bibliografia\/referencias-bibliograficas-lista-geral\/\"><strong><u>Refer<\/u><\/strong><strong><u>\u00eancias Bibliogr\u00e1ficas \u2013 lista geral<\/u><\/strong><\/a>\u201d, voc\u00eas poder\u00e3o encontrar uma lista geral, viva, que seguir\u00e1 em constru\u00e7\u00e3o at\u00e9 o nosso Encontro. Ela se faz como produto da pesquisa realizada pela comiss\u00e3o, de sugest\u00f5es de colegas e das orienta\u00e7\u00f5es da <em>Comiss\u00e3<\/em><em>o Cient<\/em><em>\u00ed<\/em><em>fica<\/em>;<\/p>\n<p>&#8211; Na aba \u201c<a href=\"https:\/\/encontrobrasileiroebp2024.com.br\/index.php\/o-encontro\/bibliografia\/dizeres-que-capturam\/\"><strong><u>Dizeres que capturam<\/u><\/strong><\/a>\u201d, uma sele\u00e7\u00e3o de trechinhos extra\u00eddos dessas publica\u00e7\u00f5es, apresentados a partir das quest\u00f5es formuladas pela comiss\u00e3o. S\u00e3o uma s\u00e9rie de cita\u00e7\u00f5es pin\u00e7adas a dedo que esperamos que contribuam com os estudos de cada um;<\/p>\n<p>&#8211; J\u00e1 na aba \u201c<a href=\"https:\/\/encontrobrasileiroebp2024.com.br\/index.php\/o-encontro\/bibliografia\/dizeres-e-suas-reverberacoes\/\"><strong><u>&#8230;dizeres e suas reverbera\u00e7\u00f5<\/u><\/strong><strong><u>es<\/u><\/strong><\/a>\u201d, algumas dessas cita\u00e7\u00f5es s\u00e3o brevemente comentadas por colegas \u2013 preciosas contribui\u00e7\u00f5es, orientadoras, que auxiliam nossa comunidade a avan\u00e7ar com o tema.<\/p>\n<p>Desejamos que todos possam fazer um bom uso desse trabalho a partir de suas pr\u00f3prias capturas!!<\/p>\n<h6><strong><em>Comiss\u00e3o de Refer\u00eancias do XXV EBCF<br \/>\n<\/em>Coord:<\/strong> Margarida Maria Elia Assad (NE) e Maricia Aguiar Ciscato (RJ)<br \/>\nAnna Rog\u00e9ria (SLO)<br \/>\nCl\u00e1udia Formiga (NE)<br \/>\nCristina Duba (RJ)<br \/>\nFabiola Ramon (SP)<br \/>\nMarina Fragoso (NE)<br \/>\nNohemi Brown (SUL)<\/h6>\n[\/vc_column_text][\/vc_column][\/vc_row]\n<\/section>","protected":false},"excerpt":{"rendered":"<p>[vc_row][vc_column][vc_column_text] Apresenta\u00e7\u00e3o Diante da vastid\u00e3o de refer\u00eancias poss\u00edveis para o tema \u201cCorpos aprisionados pelo discurso &#8230;e seus restos\u201d, a Comiss\u00e3o de Refer\u00eancias do XXV EBCF decidiu formular algumas quest\u00f5es suscitadas na equipe pelo Argumento\u00a0proposto pela Comiss\u00e3o Cient\u00edfica. Partimos da ideia de que, assim, far\u00edamos a pesquisa em busca de refer\u00eancias causados pelo pr\u00f3prio Argumento, o&hellip;<\/p>\n","protected":false},"author":1,"featured_media":0,"parent":19,"menu_order":0,"comment_status":"closed","ping_status":"closed","template":"","meta":{"om_disable_all_campaigns":false,"_monsterinsights_skip_tracking":false,"_monsterinsights_sitenote_active":false,"_monsterinsights_sitenote_note":"","_monsterinsights_sitenote_category":0,"footnotes":""},"class_list":["post-28","page","type-page","status-publish","hentry","entry","no-media"],"aioseo_notices":[],"_links":{"self":[{"href":"https:\/\/encontrobrasileiroebp2024.com.br\/index.php\/wp-json\/wp\/v2\/pages\/28","targetHints":{"allow":["GET"]}}],"collection":[{"href":"https:\/\/encontrobrasileiroebp2024.com.br\/index.php\/wp-json\/wp\/v2\/pages"}],"about":[{"href":"https:\/\/encontrobrasileiroebp2024.com.br\/index.php\/wp-json\/wp\/v2\/types\/page"}],"author":[{"embeddable":true,"href":"https:\/\/encontrobrasileiroebp2024.com.br\/index.php\/wp-json\/wp\/v2\/users\/1"}],"replies":[{"embeddable":true,"href":"https:\/\/encontrobrasileiroebp2024.com.br\/index.php\/wp-json\/wp\/v2\/comments?post=28"}],"version-history":[{"count":10,"href":"https:\/\/encontrobrasileiroebp2024.com.br\/index.php\/wp-json\/wp\/v2\/pages\/28\/revisions"}],"predecessor-version":[{"id":297,"href":"https:\/\/encontrobrasileiroebp2024.com.br\/index.php\/wp-json\/wp\/v2\/pages\/28\/revisions\/297"}],"up":[{"embeddable":true,"href":"https:\/\/encontrobrasileiroebp2024.com.br\/index.php\/wp-json\/wp\/v2\/pages\/19"}],"wp:attachment":[{"href":"https:\/\/encontrobrasileiroebp2024.com.br\/index.php\/wp-json\/wp\/v2\/media?parent=28"}],"curies":[{"name":"wp","href":"https:\/\/api.w.org\/{rel}","templated":true}]}}