{"id":271,"date":"2024-04-05T20:46:16","date_gmt":"2024-04-05T23:46:16","guid":{"rendered":"https:\/\/encontrobrasileiroebp2024.com.br\/?page_id=271"},"modified":"2024-10-16T11:05:33","modified_gmt":"2024-10-16T14:05:33","slug":"hospedagem","status":"publish","type":"page","link":"https:\/\/encontrobrasileiroebp2024.com.br\/index.php\/acolhimento\/hospedagem\/","title":{"rendered":"HOSPEDAGEM"},"content":{"rendered":"<section class=\"wpb-content-wrapper\">[vc_row][vc_column][vc_column_text]A comiss\u00e3o de acolhimento preparou uma lista de hot\u00e9is pr\u00f3ximos ao Encontro Brasileiro. Com alguns desses hot\u00e9is conseguimos firmar parcerias para oferecer pre\u00e7os promocionais. Abaixo voc\u00ea encontrar\u00e1 a lista de hot\u00e9is, quando houver valor promocional isso estar\u00e1 especificado.<\/p>\n<p>Devido ao tr\u00e1fego de S\u00e3o Paulo e \u00e0 localiza\u00e7\u00e3o do WTC Sheraton, local que abrigar\u00e1 nosso Encontro, recomendamos fortemente que a hospedagem dos participantes seja perto do local do evento.<\/p>\n<hr \/>\n<h3><strong><span class=\"StrongEmphasis\" style=\"color: #000080;\">Sheraton S\u00e3o Paulo WTC Hotel<\/span><\/strong><\/h3>\n<p class=\"Textbody\"><strong><span class=\"StrongEmphasis\"><u>Hotel que abrigar\u00e1 o EBCF 2024<\/u><\/span><\/strong><\/p>\n<ul>\n<li class=\"Textbody\">End.: Avenida das Na\u00e7\u00f5es Unidas, 12559, Brooklin Novo<\/li>\n<li class=\"Textbody\"><span class=\"StrongEmphasis\">Reservas por telefone: <\/span>No Brasil ligue para 11 3069 2807 (S\u00e3o Paulo) ou 0800 703 1512 (Outras Localidades).<\/li>\n<li class=\"Textbody\">Reservas atrav\u00e9s do site: <a href=\"https:\/\/www.marriott.com\/pt-br\/hotels\/saosi-sheraton-sao-paulo-wtc-hotel\/overview\/\"><span style=\"color: windowtext; text-decoration: none; text-underline: none;\">https:\/\/www.marriott.com\/pt-br\/hotels\/saosi-sheraton-sao-paulo-wtc-hotel\/overview\/<\/span><\/a><\/li>\n<\/ul>\n<hr \/>\n<h3><span style=\"color: #000080;\"><strong><u>Hot\u00e9is a menos de 5 minutos a p\u00e9:<\/u><\/strong><\/span><\/h3>\n<p><strong>GRAN ESTANPLAZA BERRINI<\/strong><\/p>\n<p>End.: R. Arizona, 1517 \u2013 Brooklin<\/p>\n<p>Contato: 30593277 ou <a href=\"mailto:reservas@estanplaza.com.br\">reservas@estanplaza.com.br<\/a><\/p>\n<p>3 min a p\u00e9<\/p>\n<p><strong>C\u00d3DIGO PROMOCIONAL: PROMO11<\/strong><\/p>\n<p>Fazer a reserva atrav\u00e9s do site oficial do hotel e incluir o c\u00f3digo promocional<\/p>\n<p>C\u00f3digo v\u00e1lido de 08\/11 a 10\/11 com 8% off.<\/p>\n<p>Ades\u00e3o mediante disponibilidade.<\/p>\n<p>Estanplaza Berrini \u2013 Hotel em S\u00e3o PauloEstanplaza Berrini &#8211; Hotel em S\u00e3o Paulo<\/p>\n<hr \/>\n<p><strong>WYNDHAM SP BERRINI<\/strong><\/p>\n<p>End.: R. Heinrich Hertz, 14 \u2013 Cidade Mon\u00e7\u00f5es<\/p>\n<p>5 minutos a p\u00e9<\/p>\n<p><strong>\u00a0<\/strong><strong>C\u00d3DIGO PROMOCIONAL: <\/strong><strong>EBCF2024<\/strong><\/p>\n<p>Fazer a reserva atrav\u00e9s do site oficial do hotel e incluir o c\u00f3digo promocional<\/p>\n<p>C\u00f3digo v\u00e1lido de 08\/11 a 10\/11 com 15% off.<\/p>\n<p>Ades\u00e3o mediante disponibilidade.<\/p>\n<p><a href=\"https:\/\/atlantica.letsbook.com.br\/d\/publiclink?r=f1731a92b60a45ddb8e7e448c931630b&amp;p=EBCF2024\">https:\/\/atlantica.letsbook.com.br\/d\/publiclink?r=f1731a92b60a45ddb8e7e448c931630b&amp;p=EBCF2024<\/a> e<\/p>\n<hr \/>\n<p><strong>BRISTOL THE TIME BERRINI<\/strong><\/p>\n<p>End.: R. Hans Oersted, 115<\/p>\n<p>5 minutos a p\u00e9<\/p>\n<p><strong>\u00a0<\/strong><strong>C\u00d3DIGO PROMOCIONAL<\/strong>: <strong>EBCF2024<\/strong><\/p>\n<p>Fazer a reserva atrav\u00e9s do site oficial do hotel e incluir o c\u00f3digo promocional<\/p>\n<p>C\u00f3digo v\u00e1lido de 08\/11 a 10\/11 com o valor da di\u00e1ria a R$ 604,00 + 5% iss (single\/duplo). Categoria: SUPERIOR<\/p>\n<p>Ades\u00e3o mediante disponibilidade.<\/p>\n<p><a href=\"https:\/\/book.omnibees.com\/chain\/1355\/hotel\/11345?q=11345\">Bristol The Time Berrini (omnibees.com)<\/a><\/p>\n<hr \/>\n<h3><span style=\"color: #000080;\"><strong><u>Hot\u00e9is a 15 minutos a p\u00e9:<\/u><\/strong><\/span><\/h3>\n<p><strong>ESTANPLAZA BERRINI<\/strong><\/p>\n<p>End.: Av. Engenheiro Lu\u00eds Carlos Berrini, 853 \u2013 Brooklin<\/p>\n<p>Contato: 30593277 ou <a href=\"mailto:reservas@estanplaza.com.br\">reservas@estanplaza.com.br<\/a><\/p>\n<p>13 min a p\u00e9<\/p>\n<p><strong>C\u00d3DIGO PROMOCIONAL: PROMO11<\/strong><\/p>\n<p>Fazer a reserva atrav\u00e9s do site oficial do hotel e incluir o c\u00f3digo promocional<\/p>\n<p>C\u00f3digo v\u00e1lido de 08\/11 a 10\/11 com 8% off.<\/p>\n<p>Ades\u00e3o mediante disponibilidade.<\/p>\n<p>Estanplaza Berrini \u2013 Hotel em S\u00e3o Paulo<\/p>\n<hr \/>\n<p><strong>GRAND HYATT S\u00c3O PAULO <\/strong><\/p>\n<p>End.: Av. das Na\u00e7\u00f5es Unidas, 13301, Bairro do Itaim Bibi<\/p>\n<p>14 minutos a p\u00e9<\/p>\n<p><strong>Link para acesso ao desconto: <\/strong><\/p>\n<p><a href=\"https:\/\/www.hyatt.com\/pt-PT\/group-booking\/SAOGH\/G-AD98\">https:\/\/www.hyatt.com\/pt-PT\/group-booking\/SAOGH\/G-AD98<\/a><\/p>\n<hr \/>\n<p><strong>GOLDEN TOWER EXPRESS BERRINI \/ F\u00eanix Hot\u00e9is<\/strong><\/p>\n<p>End.: R. Miguel Sutil, 577 &#8211; Bairro Vila Cordeiro<\/p>\n<p>14 minutos a p\u00e9<\/p>\n<p><strong>C\u00d3DIGO PROMOCIONAL<\/strong>: <strong>EBCF2024<\/strong><\/p>\n<p>Fazer a reserva atrav\u00e9s do site oficial do hotel e incluir o c\u00f3digo promocional<\/p>\n<p>C\u00f3digo v\u00e1lido de 07\/11 a 11\/11 com 10% off. Tarifa flutuante.<\/p>\n<p>Ades\u00e3o mediante disponibilidade.<\/p>\n<p><a href=\"https:\/\/www.fenixhoteis.com.br\/room\/golden-tower-express-berrini\">https:\/\/www.fenixhoteis.com.br\/room\/golden-tower-express-berrini<\/a><\/p>\n<hr \/>\n<p><strong>PARK INN BY RADISSON BERRINI <\/strong><\/p>\n<p>End.: Rua Quintana, 934 &#8211; Bairro do Itaim Bibi<\/p>\n<p>17 minutos a p\u00e9<\/p>\n<p><a href=\"https:\/\/www.letsatlantica.com.br\/hotel\/park-inn-by-radisson-berrini\">https:\/\/www.letsatlantica.com.br\/hotel\/park-inn-by-radisson-berrini<\/a><\/p>\n<hr \/>\n<p><strong>HOTEL TRANSAMERICA BERRINI <\/strong><strong>(nota 8,5 no Booking)<\/strong><\/p>\n<p>End.: R. Quintana, 1012 &#8211; Bairro do Itaim Bibi, S\u00e3o Paulo, CEP 04569-011<\/p>\n<p>17 minutos a p\u00e9<\/p>\n<p><a href=\"https:\/\/www.letsatlantica.com.br\/hotel\/ht-berrini\">https:\/\/www.letsatlantica.com.br\/hotel\/ht-berrini<\/a><\/p>\n<hr \/>\n<p><strong><u>Apart-hotel<\/u><\/strong><\/p>\n<p><strong>HOTEL GRANESTANCONFOR VERANDA BERRINI<\/strong><\/p>\n<p><strong>Master Deluxe &#8211; First Class &#8211; Black Edition Studio &#8211; By LuXXoR (Studio)<\/strong> <strong>(nota 8,5 no Booking)<\/strong><\/p>\n<p>End.: R. Ribeiro do Vale, 152 &#8211; Bairro do Itaim Bibi<\/p>\n<p>15 minutos a p\u00e9<\/p>\n<p><a href=\"https:\/\/www.booking.com\/hotel\/br\/granestanconfort-berrini-master-deluxe-by-luxxor.pt-br.html\">https:\/\/www.booking.com\/hotel\/br\/granestanconfort-berrini-master-deluxe-by-luxxor.pt-br.html<\/a>[\/vc_column_text][\/vc_column][\/vc_row]\n<\/section>","protected":false},"excerpt":{"rendered":"<p>[vc_row][vc_column][vc_column_text]A comiss\u00e3o de acolhimento preparou uma lista de hot\u00e9is pr\u00f3ximos ao Encontro Brasileiro. Com alguns desses hot\u00e9is conseguimos firmar parcerias para oferecer pre\u00e7os promocionais. Abaixo voc\u00ea encontrar\u00e1 a lista de hot\u00e9is, quando houver valor promocional isso estar\u00e1 especificado. Devido ao tr\u00e1fego de S\u00e3o Paulo e \u00e0 localiza\u00e7\u00e3o do WTC Sheraton, local que abrigar\u00e1 nosso Encontro,&hellip;<\/p>\n","protected":false},"author":1,"featured_media":0,"parent":676,"menu_order":0,"comment_status":"closed","ping_status":"closed","template":"","meta":{"om_disable_all_campaigns":false,"_monsterinsights_skip_tracking":false,"_monsterinsights_sitenote_active":false,"_monsterinsights_sitenote_note":"","_monsterinsights_sitenote_category":0,"footnotes":""},"class_list":["post-271","page","type-page","status-publish","hentry","entry","no-media"],"aioseo_notices":[],"_links":{"self":[{"href":"https:\/\/encontrobrasileiroebp2024.com.br\/index.php\/wp-json\/wp\/v2\/pages\/271","targetHints":{"allow":["GET"]}}],"collection":[{"href":"https:\/\/encontrobrasileiroebp2024.com.br\/index.php\/wp-json\/wp\/v2\/pages"}],"about":[{"href":"https:\/\/encontrobrasileiroebp2024.com.br\/index.php\/wp-json\/wp\/v2\/types\/page"}],"author":[{"embeddable":true,"href":"https:\/\/encontrobrasileiroebp2024.com.br\/index.php\/wp-json\/wp\/v2\/users\/1"}],"replies":[{"embeddable":true,"href":"https:\/\/encontrobrasileiroebp2024.com.br\/index.php\/wp-json\/wp\/v2\/comments?post=271"}],"version-history":[{"count":11,"href":"https:\/\/encontrobrasileiroebp2024.com.br\/index.php\/wp-json\/wp\/v2\/pages\/271\/revisions"}],"predecessor-version":[{"id":479,"href":"https:\/\/encontrobrasileiroebp2024.com.br\/index.php\/wp-json\/wp\/v2\/pages\/271\/revisions\/479"}],"up":[{"embeddable":true,"href":"https:\/\/encontrobrasileiroebp2024.com.br\/index.php\/wp-json\/wp\/v2\/pages\/676"}],"wp:attachment":[{"href":"https:\/\/encontrobrasileiroebp2024.com.br\/index.php\/wp-json\/wp\/v2\/media?parent=271"}],"curies":[{"name":"wp","href":"https:\/\/api.w.org\/{rel}","templated":true}]}}