{"id":263,"date":"2024-03-27T14:53:24","date_gmt":"2024-03-27T17:53:24","guid":{"rendered":"https:\/\/encontrobrasileiroebp2024.com.br\/?page_id=263"},"modified":"2024-06-04T08:02:13","modified_gmt":"2024-06-04T11:02:13","slug":"video","status":"publish","type":"page","link":"https:\/\/encontrobrasileiroebp2024.com.br\/index.php\/video\/","title":{"rendered":"V\u00cdDEO"},"content":{"rendered":"<section class=\"wpb-content-wrapper\">[vc_row][vc_column width=&#8221;1\/3&#8243;][vc_video link=&#8221;https:\/\/www.youtube.com\/watch?v=uZw7jM5EqYg&amp;feature=youtu.be&#8221;][vc_empty_space height=&#8221;20px&#8221;][vc_column_text]Neste v\u00eddeo, Marcelo Veras (AME da EBP\/AMP e integrante da comiss\u00e3o cient\u00edfica do XXV EBCF) aborda a fun\u00e7\u00e3o dos tr\u00eas pontinhos na composi\u00e7\u00e3o do t\u00edtudo do Encontro: \u201cOs corpos aprisionados pelo discurso \u2026 e seus restos\u201d. Para isso, ele aponta diferentes concep\u00e7\u00f5es do corpo no ensino de Lacan. Confira![\/vc_column_text][\/vc_column][vc_column width=&#8221;1\/3&#8243;][vc_video link=&#8221;https:\/\/youtu.be\/xLSWLfeN2Ok&#8221;][\/vc_column][vc_column width=&#8221;1\/3&#8243;][\/vc_column][\/vc_row]\n<\/section>","protected":false},"excerpt":{"rendered":"<p>[vc_row][vc_column width=&#8221;1\/3&#8243;][vc_video link=&#8221;https:\/\/www.youtube.com\/watch?v=uZw7jM5EqYg&amp;feature=youtu.be&#8221;][vc_empty_space height=&#8221;20px&#8221;][vc_column_text]Neste v\u00eddeo, Marcelo Veras (AME da EBP\/AMP e integrante da comiss\u00e3o cient\u00edfica do XXV EBCF) aborda a fun\u00e7\u00e3o dos tr\u00eas pontinhos na composi\u00e7\u00e3o do t\u00edtudo do Encontro: \u201cOs corpos aprisionados pelo discurso \u2026 e seus restos\u201d. Para isso, ele aponta diferentes concep\u00e7\u00f5es do corpo no ensino de Lacan. Confira![\/vc_column_text][\/vc_column][vc_column width=&#8221;1\/3&#8243;][vc_video link=&#8221;https:\/\/youtu.be\/xLSWLfeN2Ok&#8221;][\/vc_column][vc_column width=&#8221;1\/3&#8243;][\/vc_column][\/vc_row]<\/p>\n","protected":false},"author":1,"featured_media":0,"parent":0,"menu_order":0,"comment_status":"closed","ping_status":"closed","template":"","meta":{"om_disable_all_campaigns":false,"_monsterinsights_skip_tracking":false,"_monsterinsights_sitenote_active":false,"_monsterinsights_sitenote_note":"","_monsterinsights_sitenote_category":0,"footnotes":""},"class_list":["post-263","page","type-page","status-publish","hentry","entry","no-media"],"aioseo_notices":[],"_links":{"self":[{"href":"https:\/\/encontrobrasileiroebp2024.com.br\/index.php\/wp-json\/wp\/v2\/pages\/263","targetHints":{"allow":["GET"]}}],"collection":[{"href":"https:\/\/encontrobrasileiroebp2024.com.br\/index.php\/wp-json\/wp\/v2\/pages"}],"about":[{"href":"https:\/\/encontrobrasileiroebp2024.com.br\/index.php\/wp-json\/wp\/v2\/types\/page"}],"author":[{"embeddable":true,"href":"https:\/\/encontrobrasileiroebp2024.com.br\/index.php\/wp-json\/wp\/v2\/users\/1"}],"replies":[{"embeddable":true,"href":"https:\/\/encontrobrasileiroebp2024.com.br\/index.php\/wp-json\/wp\/v2\/comments?post=263"}],"version-history":[{"count":5,"href":"https:\/\/encontrobrasileiroebp2024.com.br\/index.php\/wp-json\/wp\/v2\/pages\/263\/revisions"}],"predecessor-version":[{"id":464,"href":"https:\/\/encontrobrasileiroebp2024.com.br\/index.php\/wp-json\/wp\/v2\/pages\/263\/revisions\/464"}],"wp:attachment":[{"href":"https:\/\/encontrobrasileiroebp2024.com.br\/index.php\/wp-json\/wp\/v2\/media?parent=263"}],"curies":[{"name":"wp","href":"https:\/\/api.w.org\/{rel}","templated":true}]}}