{"id":261,"date":"2024-03-27T14:53:02","date_gmt":"2024-03-27T17:53:02","guid":{"rendered":"https:\/\/encontrobrasileiroebp2024.com.br\/?page_id=261"},"modified":"2024-10-13T11:22:23","modified_gmt":"2024-10-13T14:22:23","slug":"podcast","status":"publish","type":"page","link":"https:\/\/encontrobrasileiroebp2024.com.br\/index.php\/podcast\/","title":{"rendered":"PODCAST"},"content":{"rendered":"<section class=\"wpb-content-wrapper\">[vc_row][vc_column][vc_column_text]\n<h3><span style=\"color: #000080;\">Podcast 1 &#8211; O que leva algu\u00e9m a buscar uma an\u00e1lise hoje?<\/span><\/h3>\n<p>Nesse epis\u00f3dio inaugural, \u00c9lida Biasoli (coordenadora do site e podcast) pergunta \u00e0 Luc\u00edola Freitas de Mac\u00eado ( membro da EBP\/AMP) sobre o que leva algu\u00e9m a buscar uma an\u00e1lise hoje e quais os desafios para a introdu\u00e7\u00e3o do discurso anal\u00edtico. Confiram a entrevista na \u00edntegra clicando abaixo![\/vc_column_text][vc_empty_space][vc_column_text]https:\/\/open.spotify.com\/episode\/1zA6PUeVmRTQbSVnFfDCL3?si=KT7yX0wiRNCOdI4Y7H4j5g&amp;context=spotify%3Ashow%3A4OmJs84msq2z7cpQoCp3nU[\/vc_column_text][vc_empty_space][vc_separator color=&#8221;juicy_pink&#8221;][vc_empty_space][vc_column_text]\n<h3><span style=\"color: #000080;\">Podcast 2 &#8211; O discurso do mestre e a a\u00e7\u00e3o anal\u00edtica<\/span><\/h3>\n<p>Rog\u00e9rio Barros (coordenador do site podcast) pergunta a Rodrigo Lyra (membro da EBP\/AMP) sobre o tema da petrifica\u00e7\u00e3o dos corpos a partir do discurso do mestre atual, nos fazendo interrogar os restos que nos permitem pensar a a\u00e7\u00e3o anal\u00edtica hoje.[\/vc_column_text][vc_empty_space][vc_column_text]https:\/\/open.spotify.com\/show\/4OmJs84msq2z7cpQoCp3nU[\/vc_column_text][vc_empty_space][vc_separator color=&#8221;juicy_pink&#8221;][vc_empty_space][vc_column_text]\n<h3><span style=\"color: #000080;\">Epis\u00f3dio 3 &#8211; O corpo com seus sentidos radicais\u00a0<\/span><\/h3>\n<p>Nesse terceiro epis\u00f3dio, \u00c9lida Biasoli, coordenadora do site e podcast, convida C\u00e1ssia Maria Rumenos Guardado, AME da EBP \/ AMP, que pratica a psican\u00e1lise em S\u00e3o Paulo, para discutir a seguinte frase do semin\u00e1rio 19 de Lacan: o corpo \u201ccom seus sentidos radicais, sobre os quais n\u00e3o h\u00e1 influ\u00eancia alguma\u201d.[\/vc_column_text][vc_empty_space][vc_column_text]https:\/\/open.spotify.com\/episode\/5LSMKJ5fifLa5y6hCcTxek[\/vc_column_text][vc_empty_space][vc_separator color=&#8221;juicy_pink&#8221;][vc_empty_space][vc_column_text]\n<h3><span style=\"color: #000080;\">Podcast 4 &#8211; A pr\u00e1tica psicanal\u00edtica e sua aposta nos dejetos?<\/span><\/h3>\n<p>Neste quarto e \u00faltimo epis\u00f3dio, chamamos a convidada Tania Maria Lima Abreu, AE de 2020\/2023, que pratica a psican\u00e1lise em Salvador para nos falar sobre como situar a pr\u00e1tica psicanal\u00edtica e sua aposta nos dejetos, diante da cren\u00e7a nos ideais de sa\u00fade mental, onde n\u00e3o h\u00e1 restos[\/vc_column_text][vc_empty_space][vc_column_text]https:\/\/open.spotify.com\/episode\/0apTZZeOYOZh9QsW4IxrOP?si=EBxPadjtQn2vV23zbvR67w&amp;nd=1&amp;dlsi=e89305e3c6884463[\/vc_column_text][\/vc_column][\/vc_row]\n<\/section>","protected":false},"excerpt":{"rendered":"<p>[vc_row][vc_column][vc_column_text] Podcast 1 &#8211; O que leva algu\u00e9m a buscar uma an\u00e1lise hoje? Nesse epis\u00f3dio inaugural, \u00c9lida Biasoli (coordenadora do site e podcast) pergunta \u00e0 Luc\u00edola Freitas de Mac\u00eado ( membro da EBP\/AMP) sobre o que leva algu\u00e9m a buscar uma an\u00e1lise hoje e quais os desafios para a introdu\u00e7\u00e3o do discurso anal\u00edtico. Confiram a&hellip;<\/p>\n","protected":false},"author":1,"featured_media":0,"parent":0,"menu_order":0,"comment_status":"closed","ping_status":"closed","template":"","meta":{"om_disable_all_campaigns":false,"_monsterinsights_skip_tracking":false,"_monsterinsights_sitenote_active":false,"_monsterinsights_sitenote_note":"","_monsterinsights_sitenote_category":0,"footnotes":""},"class_list":["post-261","page","type-page","status-publish","hentry","entry","no-media"],"aioseo_notices":[],"_links":{"self":[{"href":"https:\/\/encontrobrasileiroebp2024.com.br\/index.php\/wp-json\/wp\/v2\/pages\/261","targetHints":{"allow":["GET"]}}],"collection":[{"href":"https:\/\/encontrobrasileiroebp2024.com.br\/index.php\/wp-json\/wp\/v2\/pages"}],"about":[{"href":"https:\/\/encontrobrasileiroebp2024.com.br\/index.php\/wp-json\/wp\/v2\/types\/page"}],"author":[{"embeddable":true,"href":"https:\/\/encontrobrasileiroebp2024.com.br\/index.php\/wp-json\/wp\/v2\/users\/1"}],"replies":[{"embeddable":true,"href":"https:\/\/encontrobrasileiroebp2024.com.br\/index.php\/wp-json\/wp\/v2\/comments?post=261"}],"version-history":[{"count":10,"href":"https:\/\/encontrobrasileiroebp2024.com.br\/index.php\/wp-json\/wp\/v2\/pages\/261\/revisions"}],"predecessor-version":[{"id":669,"href":"https:\/\/encontrobrasileiroebp2024.com.br\/index.php\/wp-json\/wp\/v2\/pages\/261\/revisions\/669"}],"wp:attachment":[{"href":"https:\/\/encontrobrasileiroebp2024.com.br\/index.php\/wp-json\/wp\/v2\/media?parent=261"}],"curies":[{"name":"wp","href":"https:\/\/api.w.org\/{rel}","templated":true}]}}