{"id":26,"date":"2024-02-23T08:42:04","date_gmt":"2024-02-23T11:42:04","guid":{"rendered":"https:\/\/encontrobrasileiroebp2024.com.br\/?page_id=26"},"modified":"2024-05-21T10:24:00","modified_gmt":"2024-05-21T13:24:00","slug":"textos-de-orientacao","status":"publish","type":"page","link":"https:\/\/encontrobrasileiroebp2024.com.br\/index.php\/o-encontro\/textos-de-orientacao\/","title":{"rendered":"Textos de Orienta\u00e7\u00e3o"},"content":{"rendered":"<section class=\"wpb-content-wrapper\">[vc_row][vc_column][vc_column_text]\n<h3><span style=\"color: #000080;\">Habeas corpus<\/span><\/h3>\n<h6><em>por\u00a0<strong>JACQUES-ALAIN MILLER<\/strong><\/em><\/h6>\n<p>H\u00e1 dois anos, em Paris, apontei nossa b\u00fassola, a b\u00fassola da Associa\u00e7\u00e3o Mundial de Psican\u00e1lise, de modo que ela indicasse a dire\u00e7\u00e3o do \u00faltimo ensino de Lacan. Eis a\u00ed o que orientou nosso X Congresso. Seu t\u00edtulo me foi inspirado pela frase que termina um dos cap\u00edtulos do Semin\u00e1rio 20: \u201cO real \u2026 \u00e9 o mist\u00e9rio do corpo falante, \u00e9 o mist\u00e9rio do inconsciente\u201d<sup>1<\/sup>. Por conseguinte, sugeri ent\u00e3o como tema \u201cO inconsciente e o corpo falante\u201d.<\/p>\n<p>Mas podemos constatar \u2013 creio \u2013 que o brilho do corpo o fez se sobrepor ao tema do inconsciente. Para n\u00f3s, a novidade, que apareceu como tal, foi tratar do corpo falante. Salvo algum erro de minha parte, a presen\u00e7a do termo \u201cinconsciente\u201d passou inteiramente para o segundo plano deste Congresso. Diria que foi bom ter sido assim, pois nos fez entrar com entusiasmo na quest\u00e3o. \u00c9 tamb\u00e9m o que me d\u00e1 a ocasi\u00e3o de apresentar algumas pontua\u00e7\u00f5es para elucidar a natureza do \u00faltimo ensino de Lacan, seu lugar na trajet\u00f3ria de conjunto e o uso que podemos fazer dele, hoje. Vou ent\u00e3o me deter, antes de propor um novo t\u00edtulo para Barcelona, nenhuma decis\u00e3o foi tomada ainda a esse respeito.[\/vc_column_text][vc_empty_space height=&#8221;20px&#8221;][vc_btn title=&#8221;Leia+&#8221; color=&#8221;danger&#8221; size=&#8221;sm&#8221; link=&#8221;url:https%3A%2F%2Fencontrobrasileiroebp2024.com.br%2Findex.php%2F2024%2F05%2F21%2Fhabeas-corpus%2F|title:Habeas%20corpus*&#8221;][\/vc_column][\/vc_row][vc_row][vc_column][vc_separator color=&#8221;juicy_pink&#8221;][\/vc_column][\/vc_row][vc_row][vc_column][vc_column_text]\n<h3><span style=\"color: #000080;\">O inconsciente e o corpo falante*<\/span><\/h3>\n<h6><em>por\u00a0<strong>JACQUES-ALAIN MILLER<\/strong><\/em><\/h6>\n<p>Mais do que na cereja sobre o bolo, prefiro pensar na infus\u00e3o que lhes servirei como um digestivo, depois das iguarias trazidas por este Congresso, a fim de abrir o apetite enquanto pensam naquele que acontecer\u00e1 daqui a dois anos. Espera-se, ent\u00e3o, que eu introduza o tema do pr\u00f3ximo Congresso.<\/p>\n<p>Digo a mim mesmo que isso dura h\u00e1 mais de trinta anos, se considerarmos que os Congressos da AMP deram continuidade aos\u00a0<em>Encontros do Campo Freudiano<\/em>\u00a0que come\u00e7aram em 1980. Aqui estamos, portanto, mais uma vez, ao p\u00e9 do mesmo muro (<em>mur<\/em>). A palavra\u00a0<em>Muro\u00a0<\/em>me veio \u00e0 cabe\u00e7a, ela n\u00e3o deixa de evocar o neologismo que debocha do amor. \u00c9 ao\u00a0<em>amuro\u00a0<\/em>(<em>amur<\/em>) que devo a honra invari\u00e1vel de dar o\u00a0<em>l\u00e1\u00a0<\/em>da sinfonia, aquela que os membros da AMP, n\u00f3s, ter\u00e3o de compor ao longo dos dois anos que se passar\u00e3o antes de nos encontrarmos? Seria esse um fato de transfer\u00eancia remanescente com rela\u00e7\u00e3o ao lugar daquele a quem coube a tarefa de fundar nossa Associa\u00e7\u00e3o outrora? Mas, como acabo de lembrar, assumi essa tarefa, de intitular, de dar um nome, pelo menos um tema, desde antes, desde o primeiro Encontro Internacional que aconteceu em Caracas com a presen\u00e7a de Lacan. Se h\u00e1 amuro, eu n\u00e3o o remeterei \u00e0 fun\u00e7\u00e3o de fundador, em nada consagrada nos nossos estatutos, mas gostaria de referi-lo \u00e0 de um batedor, fun\u00e7\u00e3o que me atribu\u00ed ao intitular meu curso como \u00abA Orienta\u00e7\u00e3o Lacaniana\u00bb.[\/vc_column_text][vc_empty_space height=&#8221;20px&#8221;][vc_btn title=&#8221;Leia+&#8221; color=&#8221;danger&#8221; size=&#8221;sm&#8221; link=&#8221;url:https%3A%2F%2Fencontrobrasileiroebp2024.com.br%2Findex.php%2F2024%2F05%2F21%2Fo-inconsciente-e-o-corpo-falante%2F|title:Habeas%20corpus*&#8221;][\/vc_column][\/vc_row]\n<\/section>","protected":false},"excerpt":{"rendered":"<p>[vc_row][vc_column][vc_column_text] Habeas corpus por\u00a0JACQUES-ALAIN MILLER H\u00e1 dois anos, em Paris, apontei nossa b\u00fassola, a b\u00fassola da Associa\u00e7\u00e3o Mundial de Psican\u00e1lise, de modo que ela indicasse a dire\u00e7\u00e3o do \u00faltimo ensino de Lacan. Eis a\u00ed o que orientou nosso X Congresso. Seu t\u00edtulo me foi inspirado pela frase que termina um dos cap\u00edtulos do Semin\u00e1rio 20:&hellip;<\/p>\n","protected":false},"author":1,"featured_media":0,"parent":19,"menu_order":0,"comment_status":"closed","ping_status":"closed","template":"","meta":{"om_disable_all_campaigns":false,"_monsterinsights_skip_tracking":false,"_monsterinsights_sitenote_active":false,"_monsterinsights_sitenote_note":"","_monsterinsights_sitenote_category":0,"footnotes":""},"class_list":["post-26","page","type-page","status-publish","hentry","entry","no-media"],"aioseo_notices":[],"_links":{"self":[{"href":"https:\/\/encontrobrasileiroebp2024.com.br\/index.php\/wp-json\/wp\/v2\/pages\/26","targetHints":{"allow":["GET"]}}],"collection":[{"href":"https:\/\/encontrobrasileiroebp2024.com.br\/index.php\/wp-json\/wp\/v2\/pages"}],"about":[{"href":"https:\/\/encontrobrasileiroebp2024.com.br\/index.php\/wp-json\/wp\/v2\/types\/page"}],"author":[{"embeddable":true,"href":"https:\/\/encontrobrasileiroebp2024.com.br\/index.php\/wp-json\/wp\/v2\/users\/1"}],"replies":[{"embeddable":true,"href":"https:\/\/encontrobrasileiroebp2024.com.br\/index.php\/wp-json\/wp\/v2\/comments?post=26"}],"version-history":[{"count":7,"href":"https:\/\/encontrobrasileiroebp2024.com.br\/index.php\/wp-json\/wp\/v2\/pages\/26\/revisions"}],"predecessor-version":[{"id":412,"href":"https:\/\/encontrobrasileiroebp2024.com.br\/index.php\/wp-json\/wp\/v2\/pages\/26\/revisions\/412"}],"up":[{"embeddable":true,"href":"https:\/\/encontrobrasileiroebp2024.com.br\/index.php\/wp-json\/wp\/v2\/pages\/19"}],"wp:attachment":[{"href":"https:\/\/encontrobrasileiroebp2024.com.br\/index.php\/wp-json\/wp\/v2\/media?parent=26"}],"curies":[{"name":"wp","href":"https:\/\/api.w.org\/{rel}","templated":true}]}}