{"id":254,"date":"2024-03-22T17:34:28","date_gmt":"2024-03-22T20:34:28","guid":{"rendered":"https:\/\/encontrobrasileiroebp2024.com.br\/?page_id=254"},"modified":"2024-03-22T17:34:28","modified_gmt":"2024-03-22T20:34:28","slug":"politica-de-cancelamento","status":"publish","type":"page","link":"https:\/\/encontrobrasileiroebp2024.com.br\/index.php\/inscricoes\/politica-de-cancelamento\/","title":{"rendered":"Pol\u00edtica de Cancelamento"},"content":{"rendered":"<p><strong>POL\u00cdTICA DE CANCELAMENTO DE INSCRI\u00c7\u00c3O PARA O XXV ECBF:<\/strong><\/p>\n<ol>\n<li><strong>Solicita\u00e7\u00e3o de Cancelamento:<\/strong>\n<ul>\n<li>Se por algum motivo voc\u00ea precisar cancelar sua inscri\u00e7\u00e3o, solicitamos que entre em contato conosco o mais r\u00e1pido poss\u00edvel para iniciar o processo de cancelamento.<\/li>\n<\/ul>\n<\/li>\n<li><strong>Taxa de Cancelamento:<\/strong>\n<ul>\n<li>Uma taxa de cancelamento de 10% ser\u00e1 aplicada a todas as solicita\u00e7\u00f5es de cancelamento de inscri\u00e7\u00e3o do encontro. Essa taxa visa cobrir custos administrativos e banc\u00e1rios associados ao cancelamento<\/li>\n<li>O valor a ser restitu\u00eddo ser\u00e1 o valor pago descontado a taxa de cancelamento.<\/li>\n<\/ul>\n<\/li>\n<li><strong>Processo de Reembolso:<\/strong>\n<ul>\n<li>O reembolso ser\u00e1 processado utilizando o mesmo m\u00e9todo de pagamento utilizado na inscri\u00e7\u00e3o inicial. Isso pode incluir transfer\u00eancia banc\u00e1ria, estorno no cart\u00e3o de cr\u00e9dito ou outro m\u00e9todo, conforme aplic\u00e1vel.<\/li>\n<li>O prazo para o reembolso ser creditado pode variar dependendo do m\u00e9todo de pagamento, mas geralmente ocorre dentro de 7 dias \u00fateis ap\u00f3s uma solicita\u00e7\u00e3o de cancelamento.<\/li>\n<\/ul>\n<\/li>\n<li><strong>Pol\u00edtica de Prazos:<\/strong>\n<ul>\n<li>Cancelamentos feitos at\u00e9 20\/10\/2024 ser\u00e3o eleg\u00edveis para reembolso total, deduzindo apenas a taxa de cancelamento. Ap\u00f3s essa data, n\u00e3o ser\u00e1 poss\u00edvel processar os reembolsos.<\/li>\n<\/ul>\n<\/li>\n<\/ol>\n<ol start=\"5\">\n<li><strong>Contato:<\/strong>\n<ul>\n<li>Para solicitar o cancelamento da inscri\u00e7\u00e3o ou para qualquer d\u00favida, entre em contato conosco atrav\u00e9s do e-mail: encontrobrasileiroebp@gmail.com.<\/li>\n<\/ul>\n<\/li>\n<\/ol>\n<p>&nbsp;<\/p>\n<p>&nbsp;<\/p>\n","protected":false},"excerpt":{"rendered":"<p>POL\u00cdTICA DE CANCELAMENTO DE INSCRI\u00c7\u00c3O PARA O XXV ECBF: Solicita\u00e7\u00e3o de Cancelamento: Se por algum motivo voc\u00ea precisar cancelar sua inscri\u00e7\u00e3o, solicitamos que entre em contato conosco o mais r\u00e1pido poss\u00edvel para iniciar o processo de cancelamento. Taxa de Cancelamento: Uma taxa de cancelamento de 10% ser\u00e1 aplicada a todas as solicita\u00e7\u00f5es de cancelamento de&hellip;<\/p>\n","protected":false},"author":1,"featured_media":0,"parent":48,"menu_order":0,"comment_status":"closed","ping_status":"closed","template":"","meta":{"om_disable_all_campaigns":false,"_monsterinsights_skip_tracking":false,"_monsterinsights_sitenote_active":false,"_monsterinsights_sitenote_note":"","_monsterinsights_sitenote_category":0,"footnotes":""},"class_list":["post-254","page","type-page","status-publish","hentry","entry","no-media"],"aioseo_notices":[],"_links":{"self":[{"href":"https:\/\/encontrobrasileiroebp2024.com.br\/index.php\/wp-json\/wp\/v2\/pages\/254","targetHints":{"allow":["GET"]}}],"collection":[{"href":"https:\/\/encontrobrasileiroebp2024.com.br\/index.php\/wp-json\/wp\/v2\/pages"}],"about":[{"href":"https:\/\/encontrobrasileiroebp2024.com.br\/index.php\/wp-json\/wp\/v2\/types\/page"}],"author":[{"embeddable":true,"href":"https:\/\/encontrobrasileiroebp2024.com.br\/index.php\/wp-json\/wp\/v2\/users\/1"}],"replies":[{"embeddable":true,"href":"https:\/\/encontrobrasileiroebp2024.com.br\/index.php\/wp-json\/wp\/v2\/comments?post=254"}],"version-history":[{"count":1,"href":"https:\/\/encontrobrasileiroebp2024.com.br\/index.php\/wp-json\/wp\/v2\/pages\/254\/revisions"}],"predecessor-version":[{"id":255,"href":"https:\/\/encontrobrasileiroebp2024.com.br\/index.php\/wp-json\/wp\/v2\/pages\/254\/revisions\/255"}],"up":[{"embeddable":true,"href":"https:\/\/encontrobrasileiroebp2024.com.br\/index.php\/wp-json\/wp\/v2\/pages\/48"}],"wp:attachment":[{"href":"https:\/\/encontrobrasileiroebp2024.com.br\/index.php\/wp-json\/wp\/v2\/media?parent=254"}],"curies":[{"name":"wp","href":"https:\/\/api.w.org\/{rel}","templated":true}]}}