{"id":201,"date":"2024-03-12T11:03:32","date_gmt":"2024-03-12T14:03:32","guid":{"rendered":"https:\/\/encontrobrasileiroebp2024.com.br\/?page_id=201"},"modified":"2024-11-04T11:50:08","modified_gmt":"2024-11-04T14:50:08","slug":"boletim-coda-01","status":"publish","type":"page","link":"https:\/\/encontrobrasileiroebp2024.com.br\/index.php\/boletim\/boletim-coda-01\/","title":{"rendered":"BOLETIM CODA #01"},"content":{"rendered":"<section class=\"wpb-content-wrapper\">[vc_row][vc_column][vc_single_image image=&#8221;202&#8243; alignment=&#8221;center&#8221;][vc_column_text]\n<h6 style=\"text-align: center;\">#01 &#8211; MAR\u00c7O 2024<\/h6>\n[\/vc_column_text][\/vc_column][\/vc_row][vc_row][vc_column][vc_column_text]\n<h3><span style=\"color: #ff0000;\">EDITORIAL<\/span><\/h3>\n<h6><em>Gustavo Menezes<br \/>\nRenata Martinez<br \/>\nCoordenadores da Comiss\u00e3o de Boletim do XXV EBCF<br \/>\n<\/em><\/h6>\n<p>Um nome marca, constitui, mas tamb\u00e9m interroga, instiga&#8230;\u00a0<em>Coda<\/em>: assim batizamos o Boletim do XXV Encontro Brasileiro do Campo Freudiano. Sonoramente, \u00e9 curto, cortante. \u00c9 tamb\u00e9m enigm\u00e1tico por n\u00e3o aparecer muito em nossa l\u00edngua. No\u00a0<em>Semin\u00e1rio, livro 19: &#8230;ou pior<\/em>, \u201cCoda\u201d \u00e9 como Jacques-Alain Miller intitulou sua quarta e \u00faltima parte, uma escans\u00e3o que nos conduz ao nome de nosso Encontro: \u201cOs corpos aprisionados pelo discurso &#8230;e seus restos\u201d.[\/vc_column_text][vc_empty_space height=&#8221;15px&#8221;]<a href=\"https:\/\/encontrobrasileiroebp2024.com.br\/index.php\/2024\/03\/11\/editorial-coda-01\/\" class=\"vcex-button theme-button inline\" style=\"background:#011e36;padding:5px;color:#ffffff;border-radius:var(--wpex-rounded-sm);\" data-wpex-hover='{&quot;background&quot;:&quot;var(--wpex-on-accent)&quot;}'><span class=\"vcex-button-inner theme-button-inner\">Leia+<\/span><\/a> [\/vc_column][\/vc_row][vc_row][vc_column][vc_empty_space height=&#8221;30px&#8221;][vc_separator color=&#8221;juicy_pink&#8221;][vc_empty_space height=&#8221;30px&#8221;][\/vc_column][\/vc_row][vc_row][vc_column][vc_column_text]\n<h3><span style=\"color: #ff0000;\">LAN\u00c7AMENTO DO XXV ENCONTRO BRASILEIRO DO CAMPO FREUDIANO<\/span><br \/>\n<span style=\"color: #ff0000;\">\u201cOs corpos aprisionados pelo discurso &#8230;e seus restos\u201d<\/span><\/h3>\n<h6><em>Patricia Badari<br \/>\nDiretora Geral da EBP e<br \/>\nPresidente do XXV EBCF<br \/>\n<\/em><\/h6>\n<p>\u00c9 M\u00e1rio de Andrade nos dando a chave de leitura de seu livro de poemas \u201cPauliceia desvairada\u201d.<\/p>\n<p>Estamos aqui na\u00a0<em>Pauliceia Desvairada<\/em>\u00a0para lan\u00e7armos o XXV Encontro Brasileiro do Campo Freudiano, da Escola Brasileira de Psican\u00e1lise.<\/p>\n<p>\u201cUma Escola \u00e9 feita para durar\u201d, nos transmitiu Jacques-Alain Miller em 1995, em sua carta \u00e0 EBP no momento de sua funda\u00e7\u00e3o. A EBP far\u00e1 30 anos em 2025. Ela dura. Ela dura com o trabalho de seus membros, com o trabalho de suas inst\u00e2ncias, com o trabalho que lan\u00e7amos hoje.[\/vc_column_text][vc_empty_space height=&#8221;15px&#8221;]<a href=\"https:\/\/encontrobrasileiroebp2024.com.br\/index.php\/2024\/03\/11\/lancamento-do-xxv-encontro-brasileiro-do-campo-freudiano\/\" class=\"vcex-button theme-button inline\" style=\"background:#011e36;padding:5px;color:#ffffff;border-radius:var(--wpex-rounded-sm);\" data-wpex-hover='{&quot;background&quot;:&quot;var(--wpex-on-accent)&quot;}'><span class=\"vcex-button-inner theme-button-inner\">Leia+<\/span><\/a> [\/vc_column][\/vc_row][vc_row][vc_column][vc_empty_space height=&#8221;30px&#8221;][vc_separator color=&#8221;juicy_pink&#8221;][vc_empty_space height=&#8221;30px&#8221;][\/vc_column][\/vc_row][vc_row][vc_column][vc_column_text]\n<h3><span style=\"color: #ff0000;\">APRESENTA\u00c7\u00c3O<\/span><br \/>\n<span style=\"color: #ff0000;\">Um tema, uma Escola, um Encontro<\/span><\/h3>\n<h6><em>Niraldo de Oliveira Santos<br \/>\nMembro da EBP\/AMP<br \/>\nDiretor do XXV EBCF<br \/>\n<\/em><\/h6>\n<p>Nos dias 08, 09 e 10 de novembro deste ano, S\u00e3o Paulo ser\u00e1 a capital brasileira da psican\u00e1lise de orienta\u00e7\u00e3o lacaniana. N\u00f3s, da Escola Brasileira de Psican\u00e1lise (EBP) \u2013 Se\u00e7\u00e3o S\u00e3o Paulo, como anfitri\u00f5es, n\u00e3o conseguimos segurar nossa alegria; e nossa expectativa tamb\u00e9m.<\/p>\n<p>Por isso, inicio agradecendo \u00e0 Patricia Badari \u2013 Diretora da Escola Brasileira de Psican\u00e1lise e Presidente deste Encontro, e sua diretoria; e \u00e0 Maria do Carmo Dias Batista, Presidente do Conselho da EBP&#8230;[\/vc_column_text][vc_empty_space height=&#8221;15px&#8221;]<a href=\"https:\/\/encontrobrasileiroebp2024.com.br\/index.php\/2024\/03\/11\/apresentacao\/\" class=\"vcex-button theme-button inline\" style=\"background:#011e36;padding:5px;color:#ffffff;border-radius:var(--wpex-rounded-sm);\" data-wpex-hover='{&quot;background&quot;:&quot;var(--wpex-on-accent)&quot;}'><span class=\"vcex-button-inner theme-button-inner\">Leia+<\/span><\/a> [\/vc_column][\/vc_row][vc_row][vc_column][vc_empty_space height=&#8221;30px&#8221;][vc_separator color=&#8221;juicy_pink&#8221;][vc_empty_space height=&#8221;30px&#8221;][\/vc_column][\/vc_row][vc_row][vc_column][vc_column_text]\n<h3><span style=\"color: #ff0000;\">ARGUMENTO<\/span><br \/>\n<span style=\"color: #ff0000;\">Os corpos aprisionados pelo discurso&#8230; e seus restos<\/span><\/h3>\n<h6><strong><em>Comiss\u00e3o Cient\u00edfica<\/em><\/strong><br \/>\nLuiz Fernando Carrijo da Cunha (Coordenador), Mirmila Alves Musse (Coordenadora), Ana Tereza Groisman, Glacy Gorsky, Marcelo Veras, Leonardo Scofield, Ram Mandil, Ruskaya Rodrigues Maia<em><br \/>\n<\/em><\/h6>\n<p>O t\u00edtulo desse XXV Encontro Brasileiro do Campo Freudiano foi extra\u00eddo do \u00faltimo cap\u00edtulo do\u00a0<em>Semin\u00e1rio, livro 19<\/em>, em que Lacan, depois de uma extensa explora\u00e7\u00e3o acerca do \u201cH\u00e1 um\u201d, desenvolve de maneira bastante condensada a afec\u00e7\u00e3o dos corpos pelo discurso. O t\u00edtulo do cap\u00edtulo \u2013 no original franc\u00eas, \u201c<em>Les corps attrap\u00e9s par le discours<\/em>\u201d \u2013 j\u00e1 nos coloca, de sa\u00edda, a quest\u00e3o de como entend\u00ea-lo a partir da tradu\u00e7\u00e3o do verbo\u00a0<em>attraper<\/em>. Segundo a observa\u00e7\u00e3o de Marcus A. Vieira, respons\u00e1vel pela vers\u00e3o final da tradu\u00e7\u00e3o brasileira, \u201c<em>attrap\u00e9s<\/em>\u201d foi traduzido como \u201caprisionados\u201d, podendo dar a ideia de que o discurso \u00e9 exterior aos corpos e que seriam por ele capturados.[\/vc_column_text][vc_empty_space height=&#8221;15px&#8221;]<a href=\"https:\/\/encontrobrasileiroebp2024.com.br\/index.php\/o-encontro\/argumento\/\" class=\"vcex-button theme-button inline\" style=\"background:#011e36;padding:5px;color:#ffffff;border-radius:var(--wpex-rounded-sm);\" data-wpex-hover='{&quot;background&quot;:&quot;var(--wpex-on-accent)&quot;}'><span class=\"vcex-button-inner theme-button-inner\">Leia+<\/span><\/a> [\/vc_column][\/vc_row][vc_row][vc_column][vc_empty_space height=&#8221;30px&#8221;][vc_separator color=&#8221;juicy_pink&#8221;][vc_empty_space height=&#8221;30px&#8221;][\/vc_column][\/vc_row][vc_row][vc_column width=&#8221;1\/3&#8243;][vc_single_image image=&#8221;182&#8243; alignment=&#8221;center&#8221; onclick=&#8221;custom_link&#8221; link=&#8221;https:\/\/encontrobrasileiroebp2024.com.br\/index.php\/inscricoes\/&#8221;][vc_column_text]\n<p style=\"text-align: center;\"><strong>INSCRI\u00c7\u00d5ES<\/strong><\/p>\n[\/vc_column_text][\/vc_column][vc_column width=&#8221;1\/3&#8243;][vc_single_image image=&#8221;183&#8243; alignment=&#8221;center&#8221; onclick=&#8221;custom_link&#8221; link=&#8221;https:\/\/encontrobrasileiroebp2024.com.br\/index.php\/o-encontro\/organizacao\/&#8221;][vc_column_text]\n<p style=\"text-align: center;\"><strong>ORGANIZA\u00c7\u00c3O<\/strong><\/p>\n[\/vc_column_text][\/vc_column][vc_column width=&#8221;1\/3&#8243;][vc_single_image image=&#8221;184&#8243; alignment=&#8221;center&#8221; onclick=&#8221;custom_link&#8221; link=&#8221;https:\/\/encontrobrasileiroebp2024.com.br\/index.php\/acolhimento\/&#8221;][vc_column_text]\n<p style=\"text-align: center;\"><strong>ACOLHIMENTO<\/strong><\/p>\n[\/vc_column_text][\/vc_column][\/vc_row][vc_row][vc_column][vc_single_image image=&#8221;203&#8243; alignment=&#8221;center&#8221;][vc_column_text css=&#8221;.vc_custom_1710252813056{background-color: #011e36 !important;}&#8221;]\n<p style=\"text-align: center;\"><span style=\"color: #ffffff;\"><strong>Diretoria do Encontro:\u00a0<\/strong><strong>Patricia Badari<\/strong>\u00a0(Presidente) |<strong>\u00a0Niraldo de Oliveira Santos<\/strong>\u00a0(Diretor) |\u00a0<strong>Alessandra Pecego e R\u00f4mulo Ferreira da Silva<\/strong>\u00a0(Coordenadores Gerais)<\/span><br \/>\n<span style=\"color: #ffffff;\"><strong><br \/>\nComiss\u00e3o do Boletim: Coord:<\/strong>\u00a0Gustavo Menezes (SP) e Renata Gomes Martinez (RJ) | Adriana Rodrigues (SUL) | Cleyton Andrade (NE) | Daniela Nunes Ara\u00fajo (BA) | Fabr\u00edcio Donizetti (SP) | Ol\u00edvia Viana (MG) | Thereza de Felice (RJ)<\/span><\/p>\n<p style=\"text-align: center;\"><span style=\"color: #ffffff;\"><strong>Designer:<\/strong>\u00a0<a style=\"color: #ffffff;\" href=\"mailto:sennabruno@gmail.com\">Bruno Senna<\/a><\/span><\/p>\n[\/vc_column_text][\/vc_column][\/vc_row]\n<\/section>","protected":false},"excerpt":{"rendered":"<p>[vc_row][vc_column][vc_single_image image=&#8221;202&#8243; alignment=&#8221;center&#8221;][vc_column_text] #01 &#8211; MAR\u00c7O 2024 [\/vc_column_text][\/vc_column][\/vc_row][vc_row][vc_column][vc_column_text] EDITORIAL Gustavo Menezes Renata Martinez Coordenadores da Comiss\u00e3o de Boletim do XXV EBCF Um nome marca, constitui, mas tamb\u00e9m interroga, instiga&#8230;\u00a0Coda: assim batizamos o Boletim do XXV Encontro Brasileiro do Campo Freudiano. Sonoramente, \u00e9 curto, cortante. \u00c9 tamb\u00e9m enigm\u00e1tico por n\u00e3o aparecer muito em nossa l\u00edngua. No\u00a0Semin\u00e1rio,&hellip;<\/p>\n","protected":false},"author":1,"featured_media":0,"parent":42,"menu_order":0,"comment_status":"closed","ping_status":"closed","template":"","meta":{"om_disable_all_campaigns":false,"_monsterinsights_skip_tracking":false,"_monsterinsights_sitenote_active":false,"_monsterinsights_sitenote_note":"","_monsterinsights_sitenote_category":0,"footnotes":""},"class_list":["post-201","page","type-page","status-publish","hentry","entry","no-media"],"aioseo_notices":[],"_links":{"self":[{"href":"https:\/\/encontrobrasileiroebp2024.com.br\/index.php\/wp-json\/wp\/v2\/pages\/201","targetHints":{"allow":["GET"]}}],"collection":[{"href":"https:\/\/encontrobrasileiroebp2024.com.br\/index.php\/wp-json\/wp\/v2\/pages"}],"about":[{"href":"https:\/\/encontrobrasileiroebp2024.com.br\/index.php\/wp-json\/wp\/v2\/types\/page"}],"author":[{"embeddable":true,"href":"https:\/\/encontrobrasileiroebp2024.com.br\/index.php\/wp-json\/wp\/v2\/users\/1"}],"replies":[{"embeddable":true,"href":"https:\/\/encontrobrasileiroebp2024.com.br\/index.php\/wp-json\/wp\/v2\/comments?post=201"}],"version-history":[{"count":12,"href":"https:\/\/encontrobrasileiroebp2024.com.br\/index.php\/wp-json\/wp\/v2\/pages\/201\/revisions"}],"predecessor-version":[{"id":758,"href":"https:\/\/encontrobrasileiroebp2024.com.br\/index.php\/wp-json\/wp\/v2\/pages\/201\/revisions\/758"}],"up":[{"embeddable":true,"href":"https:\/\/encontrobrasileiroebp2024.com.br\/index.php\/wp-json\/wp\/v2\/pages\/42"}],"wp:attachment":[{"href":"https:\/\/encontrobrasileiroebp2024.com.br\/index.php\/wp-json\/wp\/v2\/media?parent=201"}],"curies":[{"name":"wp","href":"https:\/\/api.w.org\/{rel}","templated":true}]}}